{"id":468,"date":"2017-05-09T10:19:15","date_gmt":"2017-05-09T08:19:15","guid":{"rendered":"http:\/\/cours-piano-muret.fr\/?page_id=468"},"modified":"2025-07-11T17:26:29","modified_gmt":"2025-07-11T15:26:29","slug":"le-spectacle-commence","status":"publish","type":"page","link":"https:\/\/cours-piano-muret.fr\/?page_id=468","title":{"rendered":"Le spectacle du Jardin Musical Muret"},"content":{"rendered":"\n<p><a href=\"https:\/\/cours-piano-muret.fr\/wp-content\/uploads\/2025\/05\/symboles-melodie-musicale-nombreux-personnages-dessins-animes-pour-enfants-doodle_1308-59481.jpg\"><img loading=\"lazy\" class=\"alignleft size-full wp-image-2997\" src=\"https:\/\/cours-piano-muret.fr\/wp-content\/uploads\/2025\/05\/symboles-melodie-musicale-nombreux-personnages-dessins-animes-pour-enfants-doodle_1308-59481.jpg\" alt=\"\" width=\"996\" height=\"360\" srcset=\"https:\/\/cours-piano-muret.fr\/wp-content\/uploads\/2025\/05\/symboles-melodie-musicale-nombreux-personnages-dessins-animes-pour-enfants-doodle_1308-59481.jpg 996w, https:\/\/cours-piano-muret.fr\/wp-content\/uploads\/2025\/05\/symboles-melodie-musicale-nombreux-personnages-dessins-animes-pour-enfants-doodle_1308-59481-300x108.jpg 300w, https:\/\/cours-piano-muret.fr\/wp-content\/uploads\/2025\/05\/symboles-melodie-musicale-nombreux-personnages-dessins-animes-pour-enfants-doodle_1308-59481-768x278.jpg 768w, https:\/\/cours-piano-muret.fr\/wp-content\/uploads\/2025\/05\/symboles-melodie-musicale-nombreux-personnages-dessins-animes-pour-enfants-doodle_1308-59481-700x253.jpg 700w\" sizes=\"(max-width: 996px) 100vw, 996px\" \/><\/a><\/p>\n<p style=\"text-align: center;\"><strong><span style=\"color: #0000ff; font-family: 'times new roman', times, serif;\"><span style=\"font-size: 18pt;\"><span style=\"font-size: 14pt;\">+<\/span><\/span><\/span><\/strong><\/p>\n<p style=\"text-align: center;\"><span style=\"font-size: 18pt;\"><strong><span style=\"color: #0000ff; font-family: 'times new roman', times, serif;\">Les aventures musicales de ces enfants !!<\/span><\/strong><\/span><\/p>\n<p>Ci-dessous \u00e0 \u00e9couter et voir : 1er ensemble, Sacco et Vanzetti\u00a0 de Jon Beaz, Merry Chrismas Mister Laurence<\/p>\n<div style=\"width: 570px;\" class=\"wp-video\"><!--[if lt IE 9]><script>document.createElement('video');<\/script><![endif]-->\n<video class=\"wp-video-shortcode\" id=\"video-468-1\" width=\"570\" height=\"554\" preload=\"metadata\" controls=\"controls\"><source type=\"video\/mp4\" src=\"https:\/\/cours-piano-muret.fr\/wp-content\/uploads\/2025\/07\/N\u00b0-1-SPECTACLE-2025.mp4?_=1\" \/><a href=\"https:\/\/cours-piano-muret.fr\/wp-content\/uploads\/2025\/07\/N\u00b0-1-SPECTACLE-2025.mp4\">https:\/\/cours-piano-muret.fr\/wp-content\/uploads\/2025\/07\/N\u00b0-1-SPECTACLE-2025.mp4<\/a><\/video><\/div>\n<p>Ci-dessous \u00e0 \u00e9couter et voir : Valse favorite de L.W Mozart, Wee are the champions de Freddy Mercury, Van Gogh de Aeillo\u00a0<\/p>\n<div style=\"width: 618px;\" class=\"wp-video\"><video class=\"wp-video-shortcode\" id=\"video-468-2\" width=\"618\" height=\"522\" preload=\"metadata\" controls=\"controls\"><source type=\"video\/mp4\" src=\"https:\/\/cours-piano-muret.fr\/wp-content\/uploads\/2025\/07\/N\u00b0-2-SPECTACLE-2025.mp4?_=2\" \/><a href=\"https:\/\/cours-piano-muret.fr\/wp-content\/uploads\/2025\/07\/N\u00b0-2-SPECTACLE-2025.mp4\">https:\/\/cours-piano-muret.fr\/wp-content\/uploads\/2025\/07\/N\u00b0-2-SPECTACLE-2025.mp4<\/a><\/video><\/div>\n<p>Ci-dessous \u00e0 \u00e9couter et voir : Lettre \u00e0 Elise de L. V. Beethoven, Mariage d&rsquo;amour de Chopin &#8211; Spring Waltz<br \/>La boh\u00e8me de C. Aznavour, Opus N\u00b02 de B. Smetana.<\/p>\n<div style=\"width: 560px;\" class=\"wp-video\"><video class=\"wp-video-shortcode\" id=\"video-468-3\" width=\"560\" height=\"512\" preload=\"metadata\" controls=\"controls\"><source type=\"video\/mp4\" src=\"https:\/\/cours-piano-muret.fr\/wp-content\/uploads\/2025\/07\/N\u00b03-SPECTACLE-2025.mp4?_=3\" \/><a href=\"https:\/\/cours-piano-muret.fr\/wp-content\/uploads\/2025\/07\/N\u00b03-SPECTACLE-2025.mp4\">https:\/\/cours-piano-muret.fr\/wp-content\/uploads\/2025\/07\/N\u00b03-SPECTACLE-2025.mp4<\/a><\/video><\/div>\n<p>Ci-dessous \u00e0 \u00e9couter et voir : Jongleur de J. Thompson<\/p>\n<div style=\"width: 700px;\" class=\"wp-video\"><video class=\"wp-video-shortcode\" id=\"video-468-4\" width=\"700\" height=\"560\" preload=\"metadata\" controls=\"controls\"><source type=\"video\/mp4\" src=\"https:\/\/cours-piano-muret.fr\/wp-content\/uploads\/2025\/07\/N\u00b04-SPECTACLE-2025.mp4?_=4\" \/><a href=\"https:\/\/cours-piano-muret.fr\/wp-content\/uploads\/2025\/07\/N\u00b04-SPECTACLE-2025.mp4\">https:\/\/cours-piano-muret.fr\/wp-content\/uploads\/2025\/07\/N\u00b04-SPECTACLE-2025.mp4<\/a><\/video><\/div>\n<p>\u00a0<\/p>\n<p>\u00a0<\/p>\n<p>\u00a0<\/p>\n<p>\u00a0<\/p>\n<p>\u00a0<\/p>\n<p>\u00a0<\/p>\n<p>\u00a0<\/p>\n<p>\u00a0<\/p>\n<p>\u00a0<\/p>\n<p>\u00a0<\/p>\n<p>\u00a0<\/p>\n<p>\u00a0<\/p>\n<p>\u00a0<\/p>\n<p>\u00a0<\/p>\n<p>\u00a0<\/p>\n<h3>\u00a0<\/h3>\n<p style=\"text-align: right;\">\u00a0<\/p>\n<p style=\"text-align: right;\">\u00a0<\/p>\n<p>\u00a0<\/p>\n<p style=\"text-align: center;\">\u00a0<\/p>\n<p>\u00a0<\/p>\n<p>\u00a0<\/p>\n<p>\u00a0<\/p>\n<p>\u00a0<\/p>\n<p>\u00a0<\/p>\n<p>\u00a0<\/p>\n<p>\u00a0<\/p>\n<p>\u00a0<\/p>\n<p>\u00a0<\/p>\n<p>\u00a0<\/p>\n<p>\u00a0<\/p>\n<p>\u00a0<\/p>\n<p>\u00a0<\/p>\n<p>\u00a0<\/p>\n<p>\u00a0<\/p>\n<p>\u00a0<\/p>\n<p>\u00a0<\/p>\n<p>\u00a0<\/p>\n<p>\u00a0<\/p>\n<h2 style=\"text-align: center;\">\u00a0<\/h2>\n<p>\u00a0<\/p>\n","protected":false},"excerpt":{"rendered":"<p>+ Les aventures musicales de ces enfants !! Ci-dessous \u00e0 \u00e9couter et voir : 1er ensemble, Sacco et Vanzetti\u00a0 de Jon Beaz, Merry Chrismas Mister Laurence Ci-dessous \u00e0 \u00e9couter et voir : Valse favorite de L.W Mozart, Wee are the champions de Freddy Mercury, Van Gogh de Aeillo\u00a0 Ci-dessous \u00e0 &#8230;<\/p>\n","protected":false},"author":1,"featured_media":0,"parent":0,"menu_order":0,"comment_status":"closed","ping_status":"closed","template":"","meta":[],"yoast_head":"<!-- This site is optimized with the Yoast SEO plugin v20.3 - https:\/\/yoast.com\/wordpress\/plugins\/seo\/ -->\n<title>Le spectacle du Jardin Musical Muret - JARDIN MUSICAL FRAN\u00c7OIS-HAUGRIN MICHELINE<\/title>\n<meta name=\"robots\" content=\"index, follow, max-snippet:-1, max-image-preview:large, max-video-preview:-1\" \/>\n<link rel=\"canonical\" href=\"https:\/\/cours-piano-muret.fr\/?page_id=468\" \/>\n<meta property=\"og:locale\" content=\"fr_FR\" \/>\n<meta property=\"og:type\" content=\"article\" \/>\n<meta property=\"og:title\" content=\"Le spectacle du Jardin Musical Muret - JARDIN MUSICAL FRAN\u00c7OIS-HAUGRIN MICHELINE\" \/>\n<meta property=\"og:description\" content=\"+ Les aventures musicales de ces enfants !! Ci-dessous \u00e0 \u00e9couter et voir : 1er ensemble, Sacco et Vanzetti\u00a0 de Jon Beaz, Merry Chrismas Mister Laurence Ci-dessous \u00e0 \u00e9couter et voir : Valse favorite de L.W Mozart, Wee are the champions de Freddy Mercury, Van Gogh de Aeillo\u00a0 Ci-dessous \u00e0 &#8230;\" \/>\n<meta property=\"og:url\" content=\"https:\/\/cours-piano-muret.fr\/?page_id=468\" \/>\n<meta property=\"og:site_name\" content=\"JARDIN MUSICAL FRAN\u00c7OIS-HAUGRIN MICHELINE\" \/>\n<meta property=\"article:modified_time\" content=\"2025-07-11T15:26:29+00:00\" \/>\n<meta property=\"og:image\" content=\"https:\/\/cours-piano-muret.fr\/wp-content\/uploads\/2025\/05\/symboles-melodie-musicale-nombreux-personnages-dessins-animes-pour-enfants-doodle_1308-59481.jpg\" \/>\n<meta name=\"twitter:card\" content=\"summary_large_image\" \/>\n<meta name=\"twitter:label1\" content=\"Dur\u00e9e de lecture est.\" \/>\n\t<meta name=\"twitter:data1\" content=\"1 minute\" \/>\n<script type=\"application\/ld+json\" class=\"yoast-schema-graph\">{\"@context\":\"https:\/\/schema.org\",\"@graph\":[{\"@type\":\"WebPage\",\"@id\":\"https:\/\/cours-piano-muret.fr\/?page_id=468\",\"url\":\"https:\/\/cours-piano-muret.fr\/?page_id=468\",\"name\":\"Le spectacle du Jardin Musical Muret - JARDIN MUSICAL FRAN\u00c7OIS-HAUGRIN MICHELINE\",\"isPartOf\":{\"@id\":\"https:\/\/cours-piano-muret.fr\/#website\"},\"datePublished\":\"2017-05-09T08:19:15+00:00\",\"dateModified\":\"2025-07-11T15:26:29+00:00\",\"breadcrumb\":{\"@id\":\"https:\/\/cours-piano-muret.fr\/?page_id=468#breadcrumb\"},\"inLanguage\":\"fr-BE\",\"potentialAction\":[{\"@type\":\"ReadAction\",\"target\":[\"https:\/\/cours-piano-muret.fr\/?page_id=468\"]}]},{\"@type\":\"BreadcrumbList\",\"@id\":\"https:\/\/cours-piano-muret.fr\/?page_id=468#breadcrumb\",\"itemListElement\":[{\"@type\":\"ListItem\",\"position\":1,\"name\":\"Home\",\"item\":\"https:\/\/cours-piano-muret.fr\/\"},{\"@type\":\"ListItem\",\"position\":2,\"name\":\"Le spectacle du Jardin Musical Muret\"}]},{\"@type\":\"WebSite\",\"@id\":\"https:\/\/cours-piano-muret.fr\/#website\",\"url\":\"https:\/\/cours-piano-muret.fr\/\",\"name\":\"JARDIN MUSICAL FRAN\u00c7OIS-HAUGRIN MICHELINE\",\"description\":\"Petites notes.\",\"potentialAction\":[{\"@type\":\"SearchAction\",\"target\":{\"@type\":\"EntryPoint\",\"urlTemplate\":\"https:\/\/cours-piano-muret.fr\/?s={search_term_string}\"},\"query-input\":\"required name=search_term_string\"}],\"inLanguage\":\"fr-BE\"}]}<\/script>\n<!-- \/ Yoast SEO plugin. -->","yoast_head_json":{"title":"Le spectacle du Jardin Musical Muret - JARDIN MUSICAL FRAN\u00c7OIS-HAUGRIN MICHELINE","robots":{"index":"index","follow":"follow","max-snippet":"max-snippet:-1","max-image-preview":"max-image-preview:large","max-video-preview":"max-video-preview:-1"},"canonical":"https:\/\/cours-piano-muret.fr\/?page_id=468","og_locale":"fr_FR","og_type":"article","og_title":"Le spectacle du Jardin Musical Muret - JARDIN MUSICAL FRAN\u00c7OIS-HAUGRIN MICHELINE","og_description":"+ Les aventures musicales de ces enfants !! Ci-dessous \u00e0 \u00e9couter et voir : 1er ensemble, Sacco et Vanzetti\u00a0 de Jon Beaz, Merry Chrismas Mister Laurence Ci-dessous \u00e0 \u00e9couter et voir : Valse favorite de L.W Mozart, Wee are the champions de Freddy Mercury, Van Gogh de Aeillo\u00a0 Ci-dessous \u00e0 &#8230;","og_url":"https:\/\/cours-piano-muret.fr\/?page_id=468","og_site_name":"JARDIN MUSICAL FRAN\u00c7OIS-HAUGRIN MICHELINE","article_modified_time":"2025-07-11T15:26:29+00:00","og_image":[{"url":"https:\/\/cours-piano-muret.fr\/wp-content\/uploads\/2025\/05\/symboles-melodie-musicale-nombreux-personnages-dessins-animes-pour-enfants-doodle_1308-59481.jpg"}],"twitter_card":"summary_large_image","twitter_misc":{"Dur\u00e9e de lecture est.":"1 minute"},"schema":{"@context":"https:\/\/schema.org","@graph":[{"@type":"WebPage","@id":"https:\/\/cours-piano-muret.fr\/?page_id=468","url":"https:\/\/cours-piano-muret.fr\/?page_id=468","name":"Le spectacle du Jardin Musical Muret - JARDIN MUSICAL FRAN\u00c7OIS-HAUGRIN MICHELINE","isPartOf":{"@id":"https:\/\/cours-piano-muret.fr\/#website"},"datePublished":"2017-05-09T08:19:15+00:00","dateModified":"2025-07-11T15:26:29+00:00","breadcrumb":{"@id":"https:\/\/cours-piano-muret.fr\/?page_id=468#breadcrumb"},"inLanguage":"fr-BE","potentialAction":[{"@type":"ReadAction","target":["https:\/\/cours-piano-muret.fr\/?page_id=468"]}]},{"@type":"BreadcrumbList","@id":"https:\/\/cours-piano-muret.fr\/?page_id=468#breadcrumb","itemListElement":[{"@type":"ListItem","position":1,"name":"Home","item":"https:\/\/cours-piano-muret.fr\/"},{"@type":"ListItem","position":2,"name":"Le spectacle du Jardin Musical Muret"}]},{"@type":"WebSite","@id":"https:\/\/cours-piano-muret.fr\/#website","url":"https:\/\/cours-piano-muret.fr\/","name":"JARDIN MUSICAL FRAN\u00c7OIS-HAUGRIN MICHELINE","description":"Petites notes.","potentialAction":[{"@type":"SearchAction","target":{"@type":"EntryPoint","urlTemplate":"https:\/\/cours-piano-muret.fr\/?s={search_term_string}"},"query-input":"required name=search_term_string"}],"inLanguage":"fr-BE"}]}},"_links":{"self":[{"href":"https:\/\/cours-piano-muret.fr\/index.php?rest_route=\/wp\/v2\/pages\/468"}],"collection":[{"href":"https:\/\/cours-piano-muret.fr\/index.php?rest_route=\/wp\/v2\/pages"}],"about":[{"href":"https:\/\/cours-piano-muret.fr\/index.php?rest_route=\/wp\/v2\/types\/page"}],"author":[{"embeddable":true,"href":"https:\/\/cours-piano-muret.fr\/index.php?rest_route=\/wp\/v2\/users\/1"}],"replies":[{"embeddable":true,"href":"https:\/\/cours-piano-muret.fr\/index.php?rest_route=%2Fwp%2Fv2%2Fcomments&post=468"}],"version-history":[{"count":255,"href":"https:\/\/cours-piano-muret.fr\/index.php?rest_route=\/wp\/v2\/pages\/468\/revisions"}],"predecessor-version":[{"id":3099,"href":"https:\/\/cours-piano-muret.fr\/index.php?rest_route=\/wp\/v2\/pages\/468\/revisions\/3099"}],"wp:attachment":[{"href":"https:\/\/cours-piano-muret.fr\/index.php?rest_route=%2Fwp%2Fv2%2Fmedia&parent=468"}],"curies":[{"name":"wp","href":"https:\/\/api.w.org\/{rel}","templated":true}]}}