{"id":286,"date":"2017-04-12T14:56:50","date_gmt":"2017-04-12T12:56:50","guid":{"rendered":"http:\/\/cours-piano-muret.fr\/?page_id=286"},"modified":"2025-09-01T20:09:00","modified_gmt":"2025-09-01T18:09:00","slug":"le-jardin-musical","status":"publish","type":"page","link":"https:\/\/cours-piano-muret.fr\/?page_id=286","title":{"rendered":"Le Jardin Musical lieux des cours"},"content":{"rendered":"<div style=\"width: 700px;\" class=\"wp-video\"><!--[if lt IE 9]><script>document.createElement('video');<\/script><![endif]-->\n<video class=\"wp-video-shortcode\" id=\"video-286-1\" width=\"700\" height=\"1050\" preload=\"metadata\" controls=\"controls\"><source type=\"video\/mp4\" src=\"https:\/\/cours-piano-muret.fr\/wp-content\/uploads\/2023\/08\/Sur-les-balancoires-CHOSTAKOVITCH.mp4?_=1\" \/><a href=\"https:\/\/cours-piano-muret.fr\/wp-content\/uploads\/2023\/08\/Sur-les-balancoires-CHOSTAKOVITCH.mp4\">https:\/\/cours-piano-muret.fr\/wp-content\/uploads\/2023\/08\/Sur-les-balancoires-CHOSTAKOVITCH.mp4<\/a><\/video><\/div>\n<h3 style=\"text-align: center;\"><span style=\"color: #3366ff; font-family: 'times new roman', times, serif;\">\u00ab Sur les balan\u00e7oires\u00a0\u00bb CHOSTAKOVITCH<\/span><\/h3>\n<p>\u00a0<\/p>\n<h3 style=\"text-align: center;\">R\u00e9p\u00e9titions avant le spectacle<\/h3>\n\n\t\t<div id='gallery-1' class='gallery galleryid-286 gallery-columns-2 gallery-size-large gallery-link-attachment'><figure class='gallery-item'>\n\t\t\t<span class='gallery-icon'>\n\t\t\t\t<a rel='attachment' href='https:\/\/cours-piano-muret.fr\/?attachment_id=2744'><img width=\"700\" height=\"525\" src=\"https:\/\/cours-piano-muret.fr\/wp-content\/uploads\/2024\/06\/001-1024x768.jpg\" class=\"attachment-large size-large\" alt=\"\" loading=\"lazy\" srcset=\"https:\/\/cours-piano-muret.fr\/wp-content\/uploads\/2024\/06\/001-1024x768.jpg 1024w, https:\/\/cours-piano-muret.fr\/wp-content\/uploads\/2024\/06\/001-300x225.jpg 300w, https:\/\/cours-piano-muret.fr\/wp-content\/uploads\/2024\/06\/001-768x576.jpg 768w, https:\/\/cours-piano-muret.fr\/wp-content\/uploads\/2024\/06\/001-1536x1152.jpg 1536w, https:\/\/cours-piano-muret.fr\/wp-content\/uploads\/2024\/06\/001-2048x1536.jpg 2048w, https:\/\/cours-piano-muret.fr\/wp-content\/uploads\/2024\/06\/001-268x200.jpg 268w, https:\/\/cours-piano-muret.fr\/wp-content\/uploads\/2024\/06\/001-700x525.jpg 700w\" sizes=\"(max-width: 700px) 100vw, 700px\" \/><\/a>\n\t\t\t<\/span><\/figure><figure class='gallery-item'>\n\t\t\t<span class='gallery-icon'>\n\t\t\t\t<a rel='attachment' href='https:\/\/cours-piano-muret.fr\/?attachment_id=2745'><img width=\"700\" height=\"525\" src=\"https:\/\/cours-piano-muret.fr\/wp-content\/uploads\/2024\/06\/004-1024x768.jpg\" class=\"attachment-large size-large\" alt=\"\" loading=\"lazy\" srcset=\"https:\/\/cours-piano-muret.fr\/wp-content\/uploads\/2024\/06\/004-1024x768.jpg 1024w, https:\/\/cours-piano-muret.fr\/wp-content\/uploads\/2024\/06\/004-300x225.jpg 300w, https:\/\/cours-piano-muret.fr\/wp-content\/uploads\/2024\/06\/004-768x576.jpg 768w, https:\/\/cours-piano-muret.fr\/wp-content\/uploads\/2024\/06\/004-1536x1152.jpg 1536w, https:\/\/cours-piano-muret.fr\/wp-content\/uploads\/2024\/06\/004-2048x1536.jpg 2048w, https:\/\/cours-piano-muret.fr\/wp-content\/uploads\/2024\/06\/004-268x200.jpg 268w, https:\/\/cours-piano-muret.fr\/wp-content\/uploads\/2024\/06\/004-700x525.jpg 700w\" sizes=\"(max-width: 700px) 100vw, 700px\" \/><\/a>\n\t\t\t<\/span><\/figure><br style=\"clear: both\" \/>\n\t\t\t<div class='clear'><\/div>\n\t\t<\/div>\n\n<h3 style=\"text-align: center;\">Vous pouvez t\u00e9l\u00e9charger le texte avec le lien<\/h3>\n<p style=\"text-align: center;\"><strong><a href=\"https:\/\/cours-piano-muret.fr\/wp-content\/uploads\/2025\/09\/2025-MOTS-CLES-.pdf\">2025-MOTS-CLES-<\/a><\/strong><\/p>\n<p style=\"text-align: center;\"><img loading=\"lazy\" class=\" wp-image-3212 aligncenter\" src=\"https:\/\/cours-piano-muret.fr\/wp-content\/uploads\/2025\/09\/Capture-MOTS-CLES-1.jpg\" alt=\"\" width=\"634\" height=\"1005\" srcset=\"https:\/\/cours-piano-muret.fr\/wp-content\/uploads\/2025\/09\/Capture-MOTS-CLES-1.jpg 504w, https:\/\/cours-piano-muret.fr\/wp-content\/uploads\/2025\/09\/Capture-MOTS-CLES-1-189x300.jpg 189w\" sizes=\"(max-width: 634px) 100vw, 634px\" \/><\/p>\n<h2 style=\"text-align: center;\"><span style=\"color: #0000ff;\"><a style=\"color: #0000ff;\" href=\"https:\/\/cours-piano-muret.fr\/?page_id=23\"><span style=\"font-size: 24pt;\"><strong><span style=\"font-family: 'times new roman', times, serif;\">Espace musical<\/span><\/strong><\/span><\/a><\/span><\/h2>\n<div style=\"width: 700px;\" class=\"wp-video\"><video class=\"wp-video-shortcode\" id=\"video-286-2\" width=\"700\" height=\"525\" preload=\"metadata\" controls=\"controls\"><source type=\"video\/mp4\" src=\"https:\/\/cours-piano-muret.fr\/wp-content\/uploads\/2024\/05\/Valse-si-mineur-op-69-N\u00b02-F.Chopin-1.mp4?_=2\" \/><a href=\"https:\/\/cours-piano-muret.fr\/wp-content\/uploads\/2024\/05\/Valse-si-mineur-op-69-N\u00b02-F.Chopin-1.mp4\">https:\/\/cours-piano-muret.fr\/wp-content\/uploads\/2024\/05\/Valse-si-mineur-op-69-N\u00b02-F.Chopin-1.mp4<\/a><\/video><\/div>\n<h3 style=\"text-align: center;\"><span style=\"color: #3366ff;\">\u00ab Valse en si mineur op 69 N\u00b02\u00bb F.CHOPIN<\/span><\/h3>\n<h2 style=\"text-align: center;\">\u00a0<\/h2>\n<p>\u00a0<\/p>\n\n\n\n\n<figure class=\"wp-container-2 wp-block-gallery-1 wp-block-gallery has-nested-images columns-default is-cropped\"><\/figure>\n\n\n\n<figure class=\"wp-block-gallery has-nested-images columns-default is-cropped\"><\/figure>\n","protected":false},"excerpt":{"rendered":"<p>\u00ab Sur les balan\u00e7oires\u00a0\u00bb CHOSTAKOVITCH \u00a0 R\u00e9p\u00e9titions avant le spectacle Vous pouvez t\u00e9l\u00e9charger le texte avec le lien 2025-MOTS-CLES- Espace musical \u00ab Valse en si mineur op 69 N\u00b02\u00bb F.CHOPIN \u00a0 \u00a0<\/p>\n","protected":false},"author":1,"featured_media":0,"parent":0,"menu_order":0,"comment_status":"closed","ping_status":"closed","template":"","meta":[],"yoast_head":"<!-- This site is optimized with the Yoast SEO plugin v20.3 - https:\/\/yoast.com\/wordpress\/plugins\/seo\/ -->\n<title>Le Jardin Musical lieux des cours - JARDIN MUSICAL FRAN\u00c7OIS-HAUGRIN MICHELINE<\/title>\n<meta name=\"robots\" content=\"index, follow, max-snippet:-1, max-image-preview:large, max-video-preview:-1\" \/>\n<link rel=\"canonical\" href=\"https:\/\/cours-piano-muret.fr\/?page_id=286\" \/>\n<meta property=\"og:locale\" content=\"fr_FR\" \/>\n<meta property=\"og:type\" content=\"article\" \/>\n<meta property=\"og:title\" content=\"Le Jardin Musical lieux des cours - JARDIN MUSICAL FRAN\u00c7OIS-HAUGRIN MICHELINE\" \/>\n<meta property=\"og:description\" content=\"\u00ab Sur les balan\u00e7oires\u00a0\u00bb CHOSTAKOVITCH \u00a0 R\u00e9p\u00e9titions avant le spectacle Vous pouvez t\u00e9l\u00e9charger le texte avec le lien 2025-MOTS-CLES- Espace musical \u00ab Valse en si mineur op 69 N\u00b02\u00bb F.CHOPIN \u00a0 \u00a0\" \/>\n<meta property=\"og:url\" content=\"https:\/\/cours-piano-muret.fr\/?page_id=286\" \/>\n<meta property=\"og:site_name\" content=\"JARDIN MUSICAL FRAN\u00c7OIS-HAUGRIN MICHELINE\" \/>\n<meta property=\"article:modified_time\" content=\"2025-09-01T18:09:00+00:00\" \/>\n<meta property=\"og:image\" content=\"https:\/\/cours-piano-muret.fr\/wp-content\/uploads\/2024\/06\/001-1024x768.jpg\" \/>\n<meta name=\"twitter:card\" content=\"summary_large_image\" \/>\n<meta name=\"twitter:label1\" content=\"Dur\u00e9e de lecture est.\" \/>\n\t<meta name=\"twitter:data1\" content=\"1 minute\" \/>\n<script type=\"application\/ld+json\" class=\"yoast-schema-graph\">{\"@context\":\"https:\/\/schema.org\",\"@graph\":[{\"@type\":\"WebPage\",\"@id\":\"https:\/\/cours-piano-muret.fr\/?page_id=286\",\"url\":\"https:\/\/cours-piano-muret.fr\/?page_id=286\",\"name\":\"Le Jardin Musical lieux des cours - JARDIN MUSICAL FRAN\u00c7OIS-HAUGRIN MICHELINE\",\"isPartOf\":{\"@id\":\"https:\/\/cours-piano-muret.fr\/#website\"},\"datePublished\":\"2017-04-12T12:56:50+00:00\",\"dateModified\":\"2025-09-01T18:09:00+00:00\",\"breadcrumb\":{\"@id\":\"https:\/\/cours-piano-muret.fr\/?page_id=286#breadcrumb\"},\"inLanguage\":\"fr-BE\",\"potentialAction\":[{\"@type\":\"ReadAction\",\"target\":[\"https:\/\/cours-piano-muret.fr\/?page_id=286\"]}]},{\"@type\":\"BreadcrumbList\",\"@id\":\"https:\/\/cours-piano-muret.fr\/?page_id=286#breadcrumb\",\"itemListElement\":[{\"@type\":\"ListItem\",\"position\":1,\"name\":\"Home\",\"item\":\"https:\/\/cours-piano-muret.fr\/\"},{\"@type\":\"ListItem\",\"position\":2,\"name\":\"Le Jardin Musical lieux des cours\"}]},{\"@type\":\"WebSite\",\"@id\":\"https:\/\/cours-piano-muret.fr\/#website\",\"url\":\"https:\/\/cours-piano-muret.fr\/\",\"name\":\"JARDIN MUSICAL FRAN\u00c7OIS-HAUGRIN MICHELINE\",\"description\":\"Petites notes.\",\"potentialAction\":[{\"@type\":\"SearchAction\",\"target\":{\"@type\":\"EntryPoint\",\"urlTemplate\":\"https:\/\/cours-piano-muret.fr\/?s={search_term_string}\"},\"query-input\":\"required name=search_term_string\"}],\"inLanguage\":\"fr-BE\"}]}<\/script>\n<!-- \/ Yoast SEO plugin. -->","yoast_head_json":{"title":"Le Jardin Musical lieux des cours - JARDIN MUSICAL FRAN\u00c7OIS-HAUGRIN MICHELINE","robots":{"index":"index","follow":"follow","max-snippet":"max-snippet:-1","max-image-preview":"max-image-preview:large","max-video-preview":"max-video-preview:-1"},"canonical":"https:\/\/cours-piano-muret.fr\/?page_id=286","og_locale":"fr_FR","og_type":"article","og_title":"Le Jardin Musical lieux des cours - JARDIN MUSICAL FRAN\u00c7OIS-HAUGRIN MICHELINE","og_description":"\u00ab Sur les balan\u00e7oires\u00a0\u00bb CHOSTAKOVITCH \u00a0 R\u00e9p\u00e9titions avant le spectacle Vous pouvez t\u00e9l\u00e9charger le texte avec le lien 2025-MOTS-CLES- Espace musical \u00ab Valse en si mineur op 69 N\u00b02\u00bb F.CHOPIN \u00a0 \u00a0","og_url":"https:\/\/cours-piano-muret.fr\/?page_id=286","og_site_name":"JARDIN MUSICAL FRAN\u00c7OIS-HAUGRIN MICHELINE","article_modified_time":"2025-09-01T18:09:00+00:00","og_image":[{"url":"https:\/\/cours-piano-muret.fr\/wp-content\/uploads\/2024\/06\/001-1024x768.jpg"}],"twitter_card":"summary_large_image","twitter_misc":{"Dur\u00e9e de lecture est.":"1 minute"},"schema":{"@context":"https:\/\/schema.org","@graph":[{"@type":"WebPage","@id":"https:\/\/cours-piano-muret.fr\/?page_id=286","url":"https:\/\/cours-piano-muret.fr\/?page_id=286","name":"Le Jardin Musical lieux des cours - JARDIN MUSICAL FRAN\u00c7OIS-HAUGRIN MICHELINE","isPartOf":{"@id":"https:\/\/cours-piano-muret.fr\/#website"},"datePublished":"2017-04-12T12:56:50+00:00","dateModified":"2025-09-01T18:09:00+00:00","breadcrumb":{"@id":"https:\/\/cours-piano-muret.fr\/?page_id=286#breadcrumb"},"inLanguage":"fr-BE","potentialAction":[{"@type":"ReadAction","target":["https:\/\/cours-piano-muret.fr\/?page_id=286"]}]},{"@type":"BreadcrumbList","@id":"https:\/\/cours-piano-muret.fr\/?page_id=286#breadcrumb","itemListElement":[{"@type":"ListItem","position":1,"name":"Home","item":"https:\/\/cours-piano-muret.fr\/"},{"@type":"ListItem","position":2,"name":"Le Jardin Musical lieux des cours"}]},{"@type":"WebSite","@id":"https:\/\/cours-piano-muret.fr\/#website","url":"https:\/\/cours-piano-muret.fr\/","name":"JARDIN MUSICAL FRAN\u00c7OIS-HAUGRIN MICHELINE","description":"Petites notes.","potentialAction":[{"@type":"SearchAction","target":{"@type":"EntryPoint","urlTemplate":"https:\/\/cours-piano-muret.fr\/?s={search_term_string}"},"query-input":"required name=search_term_string"}],"inLanguage":"fr-BE"}]}},"_links":{"self":[{"href":"https:\/\/cours-piano-muret.fr\/index.php?rest_route=\/wp\/v2\/pages\/286"}],"collection":[{"href":"https:\/\/cours-piano-muret.fr\/index.php?rest_route=\/wp\/v2\/pages"}],"about":[{"href":"https:\/\/cours-piano-muret.fr\/index.php?rest_route=\/wp\/v2\/types\/page"}],"author":[{"embeddable":true,"href":"https:\/\/cours-piano-muret.fr\/index.php?rest_route=\/wp\/v2\/users\/1"}],"replies":[{"embeddable":true,"href":"https:\/\/cours-piano-muret.fr\/index.php?rest_route=%2Fwp%2Fv2%2Fcomments&post=286"}],"version-history":[{"count":75,"href":"https:\/\/cours-piano-muret.fr\/index.php?rest_route=\/wp\/v2\/pages\/286\/revisions"}],"predecessor-version":[{"id":3221,"href":"https:\/\/cours-piano-muret.fr\/index.php?rest_route=\/wp\/v2\/pages\/286\/revisions\/3221"}],"wp:attachment":[{"href":"https:\/\/cours-piano-muret.fr\/index.php?rest_route=%2Fwp%2Fv2%2Fmedia&parent=286"}],"curies":[{"name":"wp","href":"https:\/\/api.w.org\/{rel}","templated":true}]}}