{"id":23,"date":"2017-03-28T15:17:26","date_gmt":"2017-03-28T13:17:26","guid":{"rendered":"http:\/\/cours-piano-muret.fr\/?page_id=23"},"modified":"2025-07-09T17:44:35","modified_gmt":"2025-07-09T15:44:35","slug":"contact","status":"publish","type":"page","link":"https:\/\/cours-piano-muret.fr\/?page_id=23","title":{"rendered":"Contact"},"content":{"rendered":"<h1><\/h1>\n<h1>Nos coordonn\u00e9es<\/h1>\n<div style=\"width: 656px;\" class=\"wp-video\"><!--[if lt IE 9]><script>document.createElement('video');<\/script><![endif]-->\n<video class=\"wp-video-shortcode\" id=\"video-23-1\" width=\"656\" height=\"938\" preload=\"metadata\" controls=\"controls\"><source type=\"video\/mp4\" src=\"https:\/\/cours-piano-muret.fr\/wp-content\/uploads\/2025\/07\/Enrique-Granados_-Bocetos-Vals-muy-lento-Clark-Bryan-piano-2.mp4?_=1\" \/><a href=\"https:\/\/cours-piano-muret.fr\/wp-content\/uploads\/2025\/07\/Enrique-Granados_-Bocetos-Vals-muy-lento-Clark-Bryan-piano-2.mp4\">https:\/\/cours-piano-muret.fr\/wp-content\/uploads\/2025\/07\/Enrique-Granados_-Bocetos-Vals-muy-lento-Clark-Bryan-piano-2.mp4<\/a><\/video><\/div>\n<h5 class=\"title style-scope ytd-video-primary-info-renderer\" style=\"text-align: center;\"><span style=\"color: #3366ff; font-family: 'times new roman', times, serif;\">\u00ab Vals muy lento \u00bb Bocetos N\u00b0 3 E.GRANADOS<\/span><\/h5>\n<h1 class=\"title style-scope ytd-video-primary-info-renderer\" style=\"text-align: center;\"><span style=\"color: #0000ff; font-family: 'times new roman', times, serif;\">JARDIN MUSICAL Micheline Fran\u00e7ois Haugrin<\/span><\/h1>\n<p><span style=\"font-size: 14pt;\">7 Impasse Gabriel Faur\u00e9<\/span><\/p>\n<p><span style=\"font-size: 14pt;\">31600 Muret<\/span><\/p>\n<p><span style=\"font-size: 14pt;\">T\u00e9l. : 06 33 29 39 82<\/span><\/p>\n<p><span style=\"font-size: 14pt;\">Mail: jardinmusical31@gmail.com<\/span><\/p>\n\n<div class=\"wpcf7 no-js\" id=\"wpcf7-f85-o1\" lang=\"fr-FR\" dir=\"ltr\">\n<div class=\"screen-reader-response\"><p role=\"status\" aria-live=\"polite\" aria-atomic=\"true\"><\/p> <ul><\/ul><\/div>\n<form action=\"\/index.php?rest_route=%2Fwp%2Fv2%2Fpages%2F23#wpcf7-f85-o1\" method=\"post\" class=\"wpcf7-form init\" aria-label=\"Formulaire de contact\" novalidate=\"novalidate\" data-status=\"init\">\n<div style=\"display: none;\">\n<input type=\"hidden\" name=\"_wpcf7\" value=\"85\" \/>\n<input type=\"hidden\" name=\"_wpcf7_version\" value=\"5.7.7\" \/>\n<input type=\"hidden\" name=\"_wpcf7_locale\" value=\"fr_FR\" \/>\n<input type=\"hidden\" name=\"_wpcf7_unit_tag\" value=\"wpcf7-f85-o1\" \/>\n<input type=\"hidden\" name=\"_wpcf7_container_post\" value=\"0\" \/>\n<input type=\"hidden\" name=\"_wpcf7_posted_data_hash\" value=\"\" \/>\n<\/div>\n<p><label> Votre nom (obligatoire)<br \/>\n<span class=\"wpcf7-form-control-wrap\" data-name=\"your-name\"><input size=\"40\" class=\"wpcf7-form-control wpcf7-text wpcf7-validates-as-required\" aria-required=\"true\" aria-invalid=\"false\" value=\"\" type=\"text\" name=\"your-name\" \/><\/span> <\/label>\n<\/p>\n<p><label> Votre e-mail (obligatoire)<br \/>\n<span class=\"wpcf7-form-control-wrap\" data-name=\"your-email\"><input size=\"40\" class=\"wpcf7-form-control wpcf7-text wpcf7-email wpcf7-validates-as-required wpcf7-validates-as-email\" aria-required=\"true\" aria-invalid=\"false\" value=\"\" type=\"email\" name=\"your-email\" \/><\/span> <\/label>\n<\/p>\n<p><label> Sujet<br \/>\n<span class=\"wpcf7-form-control-wrap\" data-name=\"your-subject\"><input size=\"40\" class=\"wpcf7-form-control wpcf7-text\" aria-invalid=\"false\" value=\"\" type=\"text\" name=\"your-subject\" \/><\/span> <\/label>\n<\/p>\n<p><label> Votre message<br \/>\n<span class=\"wpcf7-form-control-wrap\" data-name=\"your-message\"><textarea cols=\"40\" rows=\"10\" class=\"wpcf7-form-control wpcf7-textarea\" aria-invalid=\"false\" name=\"your-message\"><\/textarea><\/span> <\/label>\n<\/p>\n<p><input class=\"wpcf7-form-control has-spinner wpcf7-submit\" type=\"submit\" value=\"Envoyer\" \/>\n<\/p><div class=\"wpcf7-response-output\" aria-hidden=\"true\"><\/div>\n<\/form>\n<\/div>\n\n","protected":false},"excerpt":{"rendered":"<p>Nos coordonn\u00e9es \u00ab Vals muy lento \u00bb Bocetos N\u00b0 3 E.GRANADOS JARDIN MUSICAL Micheline Fran\u00e7ois Haugrin 7 Impasse Gabriel Faur\u00e9 31600 Muret T\u00e9l. : 06 33 29 39 82 Mail: jardinmusical31@gmail.com<\/p>\n","protected":false},"author":1,"featured_media":0,"parent":0,"menu_order":0,"comment_status":"closed","ping_status":"closed","template":"","meta":[],"yoast_head":"<!-- This site is optimized with the Yoast SEO plugin v20.3 - https:\/\/yoast.com\/wordpress\/plugins\/seo\/ -->\n<title>Contact - JARDIN MUSICAL FRAN\u00c7OIS-HAUGRIN MICHELINE<\/title>\n<meta name=\"robots\" content=\"index, follow, max-snippet:-1, max-image-preview:large, max-video-preview:-1\" \/>\n<link rel=\"canonical\" href=\"https:\/\/cours-piano-muret.fr\/?page_id=23\" \/>\n<meta property=\"og:locale\" content=\"fr_FR\" \/>\n<meta property=\"og:type\" content=\"article\" \/>\n<meta property=\"og:title\" content=\"Contact - JARDIN MUSICAL FRAN\u00c7OIS-HAUGRIN MICHELINE\" \/>\n<meta property=\"og:description\" content=\"Nos coordonn\u00e9es \u00ab Vals muy lento \u00bb Bocetos N\u00b0 3 E.GRANADOS JARDIN MUSICAL Micheline Fran\u00e7ois Haugrin 7 Impasse Gabriel Faur\u00e9 31600 Muret T\u00e9l. : 06 33 29 39 82 Mail: jardinmusical31@gmail.com\" \/>\n<meta property=\"og:url\" content=\"https:\/\/cours-piano-muret.fr\/?page_id=23\" \/>\n<meta property=\"og:site_name\" content=\"JARDIN MUSICAL FRAN\u00c7OIS-HAUGRIN MICHELINE\" \/>\n<meta property=\"article:modified_time\" content=\"2025-07-09T15:44:35+00:00\" \/>\n<meta name=\"twitter:card\" content=\"summary_large_image\" \/>\n<meta name=\"twitter:label1\" content=\"Est. reading time\" \/>\n\t<meta name=\"twitter:data1\" content=\"1 minute\" \/>\n<script type=\"application\/ld+json\" class=\"yoast-schema-graph\">{\"@context\":\"https:\/\/schema.org\",\"@graph\":[{\"@type\":\"WebPage\",\"@id\":\"https:\/\/cours-piano-muret.fr\/?page_id=23\",\"url\":\"https:\/\/cours-piano-muret.fr\/?page_id=23\",\"name\":\"Contact - JARDIN MUSICAL FRAN\u00c7OIS-HAUGRIN MICHELINE\",\"isPartOf\":{\"@id\":\"https:\/\/cours-piano-muret.fr\/#website\"},\"datePublished\":\"2017-03-28T13:17:26+00:00\",\"dateModified\":\"2025-07-09T15:44:35+00:00\",\"breadcrumb\":{\"@id\":\"https:\/\/cours-piano-muret.fr\/?page_id=23#breadcrumb\"},\"inLanguage\":\"fr-BE\",\"potentialAction\":[{\"@type\":\"ReadAction\",\"target\":[\"https:\/\/cours-piano-muret.fr\/?page_id=23\"]}]},{\"@type\":\"BreadcrumbList\",\"@id\":\"https:\/\/cours-piano-muret.fr\/?page_id=23#breadcrumb\",\"itemListElement\":[{\"@type\":\"ListItem\",\"position\":1,\"name\":\"Home\",\"item\":\"https:\/\/cours-piano-muret.fr\/\"},{\"@type\":\"ListItem\",\"position\":2,\"name\":\"Contact\"}]},{\"@type\":\"WebSite\",\"@id\":\"https:\/\/cours-piano-muret.fr\/#website\",\"url\":\"https:\/\/cours-piano-muret.fr\/\",\"name\":\"JARDIN MUSICAL FRAN\u00c7OIS-HAUGRIN MICHELINE\",\"description\":\"Petites notes.\",\"potentialAction\":[{\"@type\":\"SearchAction\",\"target\":{\"@type\":\"EntryPoint\",\"urlTemplate\":\"https:\/\/cours-piano-muret.fr\/?s={search_term_string}\"},\"query-input\":\"required name=search_term_string\"}],\"inLanguage\":\"fr-BE\"}]}<\/script>\n<!-- \/ Yoast SEO plugin. -->","yoast_head_json":{"title":"Contact - JARDIN MUSICAL FRAN\u00c7OIS-HAUGRIN MICHELINE","robots":{"index":"index","follow":"follow","max-snippet":"max-snippet:-1","max-image-preview":"max-image-preview:large","max-video-preview":"max-video-preview:-1"},"canonical":"https:\/\/cours-piano-muret.fr\/?page_id=23","og_locale":"fr_FR","og_type":"article","og_title":"Contact - JARDIN MUSICAL FRAN\u00c7OIS-HAUGRIN MICHELINE","og_description":"Nos coordonn\u00e9es \u00ab Vals muy lento \u00bb Bocetos N\u00b0 3 E.GRANADOS JARDIN MUSICAL Micheline Fran\u00e7ois Haugrin 7 Impasse Gabriel Faur\u00e9 31600 Muret T\u00e9l. : 06 33 29 39 82 Mail: jardinmusical31@gmail.com","og_url":"https:\/\/cours-piano-muret.fr\/?page_id=23","og_site_name":"JARDIN MUSICAL FRAN\u00c7OIS-HAUGRIN MICHELINE","article_modified_time":"2025-07-09T15:44:35+00:00","twitter_card":"summary_large_image","twitter_misc":{"Est. reading time":"1 minute"},"schema":{"@context":"https:\/\/schema.org","@graph":[{"@type":"WebPage","@id":"https:\/\/cours-piano-muret.fr\/?page_id=23","url":"https:\/\/cours-piano-muret.fr\/?page_id=23","name":"Contact - JARDIN MUSICAL FRAN\u00c7OIS-HAUGRIN MICHELINE","isPartOf":{"@id":"https:\/\/cours-piano-muret.fr\/#website"},"datePublished":"2017-03-28T13:17:26+00:00","dateModified":"2025-07-09T15:44:35+00:00","breadcrumb":{"@id":"https:\/\/cours-piano-muret.fr\/?page_id=23#breadcrumb"},"inLanguage":"fr-BE","potentialAction":[{"@type":"ReadAction","target":["https:\/\/cours-piano-muret.fr\/?page_id=23"]}]},{"@type":"BreadcrumbList","@id":"https:\/\/cours-piano-muret.fr\/?page_id=23#breadcrumb","itemListElement":[{"@type":"ListItem","position":1,"name":"Home","item":"https:\/\/cours-piano-muret.fr\/"},{"@type":"ListItem","position":2,"name":"Contact"}]},{"@type":"WebSite","@id":"https:\/\/cours-piano-muret.fr\/#website","url":"https:\/\/cours-piano-muret.fr\/","name":"JARDIN MUSICAL FRAN\u00c7OIS-HAUGRIN MICHELINE","description":"Petites notes.","potentialAction":[{"@type":"SearchAction","target":{"@type":"EntryPoint","urlTemplate":"https:\/\/cours-piano-muret.fr\/?s={search_term_string}"},"query-input":"required name=search_term_string"}],"inLanguage":"fr-BE"}]}},"_links":{"self":[{"href":"https:\/\/cours-piano-muret.fr\/index.php?rest_route=\/wp\/v2\/pages\/23"}],"collection":[{"href":"https:\/\/cours-piano-muret.fr\/index.php?rest_route=\/wp\/v2\/pages"}],"about":[{"href":"https:\/\/cours-piano-muret.fr\/index.php?rest_route=\/wp\/v2\/types\/page"}],"author":[{"embeddable":true,"href":"https:\/\/cours-piano-muret.fr\/index.php?rest_route=\/wp\/v2\/users\/1"}],"replies":[{"embeddable":true,"href":"https:\/\/cours-piano-muret.fr\/index.php?rest_route=%2Fwp%2Fv2%2Fcomments&post=23"}],"version-history":[{"count":35,"href":"https:\/\/cours-piano-muret.fr\/index.php?rest_route=\/wp\/v2\/pages\/23\/revisions"}],"predecessor-version":[{"id":3088,"href":"https:\/\/cours-piano-muret.fr\/index.php?rest_route=\/wp\/v2\/pages\/23\/revisions\/3088"}],"wp:attachment":[{"href":"https:\/\/cours-piano-muret.fr\/index.php?rest_route=%2Fwp%2Fv2%2Fmedia&parent=23"}],"curies":[{"name":"wp","href":"https:\/\/api.w.org\/{rel}","templated":true}]}}