{"id":22,"date":"2017-03-28T15:17:26","date_gmt":"2017-03-28T13:17:26","guid":{"rendered":"http:\/\/cours-piano-muret.fr\/?page_id=22"},"modified":"2025-06-16T16:22:02","modified_gmt":"2025-06-16T14:22:02","slug":"apropos","status":"publish","type":"page","link":"https:\/\/cours-piano-muret.fr\/?page_id=22","title":{"rendered":"\u00c0 propos"},"content":{"rendered":"<div class=\"updated\">\n<div class=\"wonderpluginslider-container\" id=\"wonderpluginslider-container-34\" style=\"max-width:840px;margin:0 auto;padding-left:0px;padding-right:0px;padding-top:0px;padding-bottom:60px;\"><div class=\"wonderpluginslider\" id=\"wonderpluginslider-34\" data-sliderid=\"34\" data-width=\"840\" data-height=\"360\" data-skin=\"cube\" data-usejsforfullbrowserwidth=\"false\" data-fullbrowserwidth=\"false\" data-playmutedandinlinewhenautoplay=\"false\" data-addextraattributes=\"false\" data-autoplay=\"true\" data-randomplay=\"false\" data-loadimageondemand=\"false\" data-transitiononfirstslide=\"false\" data-autoplayvideo=\"false\" data-isresponsive=\"true\" data-fullwidth=\"false\" data-isfullscreen=\"false\" data-ratioresponsive=\"true\" data-showtext=\"true\" data-showtimer=\"true\" data-showbottomshadow=\"true\" data-navshowpreview=\"true\" data-textautohide=\"true\" data-pauseonmouseover=\"false\" data-lightboxresponsive=\"true\" data-lightboxshownavigation=\"false\" data-lightboxshowtitle=\"true\" data-lightboxshowdescription=\"false\" data-texteffectresponsive=\"true\" data-donotinit=\"false\" data-addinitscript=\"false\" data-lightboxfullscreenmode=\"false\" data-lightboxcloseonoverlay=\"true\" data-lightboxvideohidecontrols=\"false\" data-lightboxnogroup=\"false\" data-shownav=\"true\" data-navthumbresponsive=\"false\" data-navshowfeaturedarrow=\"false\" data-inityoutube=\"true\" data-initvimeo=\"true\" data-navshowplaypause=\"true\" data-navshowarrow=\"true\" data-navshowbuttons=\"false\" data-lightboxshowsocial=\"false\" data-lightboxshowfacebook=\"true\" data-lightboxshowtwitter=\"true\" data-lightboxshowpinterest=\"true\" data-lightboxsocialrotateeffect=\"true\" data-showsocial=\"false\" data-showfacebook=\"true\" data-showtwitter=\"true\" data-showpinterest=\"true\" data-socialrotateeffect=\"true\" data-disableinlinecss=\"false\" data-triggerresize=\"false\" data-lightboxautoslide=\"false\" data-lightboxshowtimer=\"true\" data-lightboxshowplaybutton=\"false\" data-lightboxalwaysshownavarrows=\"false\" data-lightboxshowtitleprefix=\"true\" data-titleusealt=\"false\" data-outputtext=\"false\" data-titletag=\"h1\" data-descriptiontag=\"h2\" data-scalemode=\"fill\" data-arrowstyle=\"always\" data-transition=\"slide,blinds,shuffle\" data-loop=\"0\" data-border=\"0\" data-slideinterval=\"8000\" data-arrowimage=\"arrows-36-80-0.png\" data-arrowwidth=\"36\" data-arrowheight=\"80\" data-arrowtop=\"50\" data-arrowmargin=\"-18\" data-ga4account=\"\" data-googleanalyticsaccount=\"\" data-navplaypauseimage=\"navplaypause-28-28-0.png\" data-navarrowimage=\"navarrows-28-28-0.png\" data-navstyle=\"bullets\" data-navimage=\"bullet-24-24-1.png\" data-navwidth=\"24\" data-navheight=\"24\" data-navspacing=\"8\" data-navmarginx=\"16\" data-navmarginy=\"16\" data-navposition=\"bottom\" data-navthumbnavigationstyle=\"arrow\" data-navthumbnavigationarrowimage=\"carouselarrows-32-32-0.png\" data-navthumbnavigationarrowimagewidth=\"32\" data-navthumbnavigationarrowimageheight=\"32\" data-playvideoimage=\"playvideo-64-64-0.png\" data-playvideoimagewidth=\"64\" data-playvideoimageheight=\"64\" data-lightboxthumbwidth=\"90\" data-lightboxthumbheight=\"60\" data-lightboxthumbtopmargin=\"12\" data-lightboxthumbbottommargin=\"4\" data-lightboxbarheight=\"64\" data-lightboxtitlebottomcss=\"color:#333; font-size:14px; font-family:Armata,sans-serif,Arial; overflow:hidden; text-align:left;\" data-lightboxdescriptionbottomcss=\"color:#333; font-size:12px; font-family:Arial,Helvetica,sans-serif; overflow:hidden; text-align:left; margin:4px 0px 0px; padding: 0px;\" data-textformat=\"Color box\" data-textpositionstatic=\"bottom\" data-textpositiondynamic=\"bottomleft\" data-paddingleft=\"0\" data-paddingright=\"0\" data-paddingtop=\"0\" data-paddingbottom=\"60\" data-texteffectresponsivesize=\"640\" data-textleftrightpercentforstatic=\"40\" data-fadeduration=\"1000\" data-crossfadeduration=\"1000\" data-fadeoutfadeinduration=\"2000\" data-slideduration=\"1000\" data-cssslideduration=\"1000\" data-elasticduration=\"1000\" data-sliceduration=\"1500\" data-blindsduration=\"1500\" data-blocksduration=\"1500\" data-shuffleduration=\"1500\" data-tilesduration=\"2000\" data-kenburnsduration=\"5000\" data-flipduration=\"1500\" data-flipwithzoomduration=\"2000\" data-threedduration=\"1500\" data-threedhorizontalduration=\"1500\" data-threedwithzoomduration=\"2500\" data-threedhorizontalwithzoomduration=\"2200\" data-threedflipduration=\"1500\" data-threedflipwithzoomduration=\"2000\" data-threedtilesduration=\"2000\" data-threedfallback=\"flip\" data-threedhorizontalfallback=\"flip\" data-threedwithzoomfallback=\"flipwithzoom\" data-threedhorizontalwithzoomfallback=\"flipwithzoom\" data-threedflipfallback=\"flip\" data-threedflipwithzoomfallback=\"flipwithzoom\" data-threedtilesfallback=\"tiles\" data-ratiomediumscreen=\"900\" data-ratiomediumheight=\"1.6\" data-ratiosmallscreen=\"640\" data-ratiosmallheight=\"2.4\" data-socialmode=\"mouseover\" data-socialposition=\"position:absolute;top:8px;right:8px;\" data-socialpositionsmallscreen=\"position:absolute;top:8px;right:8px;\" data-socialdirection=\"horizontal\" data-socialbuttonsize=\"32\" data-socialbuttonfontsize=\"18\" data-navthumbcolumn=\"5\" data-navthumbtitleheight=\"20\" data-navthumbtitlewidth=\"120\" data-navthumbresponsivemode=\"samesize\" data-navthumbstyle=\"imageonly\" data-navthumbmediumsize=\"900\" data-navthumbmediumwidth=\"64\" data-navthumbmediumheight=\"64\" data-navthumbmediumcolumn=\"4\" data-navthumbmediumtitleheight=\"18\" data-navthumbmediumtitlewidth=\"120\" data-navthumbsmallsize=\"600\" data-navthumbsmallwidth=\"48\" data-navthumbsmallheight=\"48\" data-navthumbsmallcolumn=\"3\" data-navthumbsmalltitleheight=\"18\" data-navthumbsmalltitlewidth=\"120\" data-lightboxsocialposition=\"position:absolute;top:100%;right:0;\" data-lightboxsocialpositionsmallscreen=\"position:absolute;top:100%;right:0;left:0;\" data-lightboxsocialdirection=\"horizontal\" data-lightboxsocialbuttonsize=\"32\" data-lightboxsocialbuttonfontsize=\"18\" data-lightboxtitlestyle=\"bottom\" data-lightboximagepercentage=\"75\" data-lightboxdefaultvideovolume=\"1\" data-lightboxoverlaybgcolor=\"#000\" data-lightboxoverlayopacity=\"0.9\" data-lightboxbgcolor=\"#fff\" data-lightboxtitleprefix=\"%NUM \/ %TOTAL\" data-lightboxtitleinsidecss=\"color:#fff; font-size:16px; font-family:Arial,Helvetica,sans-serif; overflow:hidden; text-align:left;\" data-lightboxdescriptioninsidecss=\"color:#fff; font-size:12px; font-family:Arial,Helvetica,sans-serif; overflow:hidden; text-align:left; margin:4px 0px 0px; padding: 0px;\" data-lightboxtitleoutsidecss=\"color:#fff; font-size:18px; font-family:Arial,Helvetica,sans-serif; overflow:hidden; text-align:center; margin: 8px;\" data-lightboxdescriptionoutsidecss=\"color:#fff; font-size:14px; font-family:Arial,Helvetica,sans-serif; overflow:hidden; text-align:center; margin:8px; padding: 0px;\" data-triggerresizedelay=\"100\" data-lightboxslideinterval=\"5000\" data-lightboxtimerposition=\"bottom\" data-lightboxtimercolor=\"#dc572e\" data-lightboxtimeropacity=\"1\" data-lightboxbordersize=\"8\" data-lightboxborderradius=\"0\" data-textcss=\"display:block; padding:8px 16px; text-align:left;\" data-textbgcss=\"display:none;\" data-titlecss=\"display:table; position:relative; font:bold 14px &quot;Lucida Sans Unicode&quot;,&quot;Lucida Grande&quot;,sans-serif,Arial; color:#fff; white-space:nowrap; background-color:#f7a020; padding:10px;\" data-descriptioncss=\"display:block; position:relative; font:12px &quot;Lucida Sans Unicode&quot;,&quot;Lucida Grande&quot;,sans-serif,Arial; color:#fff;  background-color:#e04000; margin-top:10px; padding:10px;\" data-buttoncss=\"display:block; position:relative; margin-top:10px;\" data-titlecssresponsive=\"font-size:12px;\" data-descriptioncssresponsive=\"font-size:12px;\" data-buttoncssresponsive=\"\" data-jsfolder=\"https:\/\/cours-piano-muret.fr\/wp-content\/plugins\/wonderplugin-slider-lite\/engine\/\" style=\"display:none;\" ><ul class=\"amazingslider-slides\"  style=\"display:none;\"><li><img class=\"amazingslider-img-elem amazingsliderimg\" src=\"https:\/\/cours-piano-muret.fr\/wp-content\/uploads\/2025\/06\/BANNER-1-SLIDER-A-PROPOS-2025-.jpg\" alt=\"\" title=\"\" data-description=\"\" \/><\/li><li><img class=\"amazingslider-img-elem amazingsliderimg\" src=\"https:\/\/cours-piano-muret.fr\/wp-content\/uploads\/2025\/06\/BANNER-2-SLIDER-A-PROPOS-2024.-psd.jpg\" alt=\"\" title=\"\" data-description=\"\" \/><\/li><li><img class=\"amazingslider-img-elem amazingsliderimg\" src=\"https:\/\/cours-piano-muret.fr\/wp-content\/uploads\/2025\/06\/BANNER-3-SLIDER-A-PROPOS-2024.-psd.jpg\" alt=\"\" title=\"\" data-description=\"\" \/><\/li><\/ul><ul class=\"amazingslider-thumbnails\"  style=\"display:none;\"><li><img class=\"amazingslider-thumbnail-elem amazingsliderthumbnailimg\" src=\"https:\/\/cours-piano-muret.fr\/wp-content\/uploads\/2025\/06\/BANNER-1-SLIDER-A-PROPOS-2025--300x129.jpg\" alt=\"\" title=\"\" data-description=\"\" \/><\/li><li><img class=\"amazingslider-thumbnail-elem amazingsliderthumbnailimg\" src=\"https:\/\/cours-piano-muret.fr\/wp-content\/uploads\/2025\/06\/BANNER-2-SLIDER-A-PROPOS-2024.-psd-300x129.jpg\" alt=\"\" title=\"\" data-description=\"\" \/><\/li><li><img class=\"amazingslider-thumbnail-elem amazingsliderthumbnailimg\" src=\"https:\/\/cours-piano-muret.fr\/wp-content\/uploads\/2025\/06\/BANNER-3-SLIDER-A-PROPOS-2024.-psd-300x129.jpg\" alt=\"\" title=\"\" data-description=\"\" \/><\/li><\/ul><\/div><\/div><div id=\"amazingslider_customtexteffect_34\" style=\"display:none;\" data-texteffect=\"{&quot;Color box&quot;:{&quot;textstyle&quot;:&quot;dynamic&quot;,&quot;textpositionstatic&quot;:&quot;bottom&quot;,&quot;textautohide&quot;:true,&quot;textpositionmarginstatic&quot;:0,&quot;textpositiondynamic&quot;:&quot;bottomleft&quot;,&quot;textpositionmarginleft&quot;:24,&quot;textpositionmarginright&quot;:24,&quot;textpositionmargintop&quot;:24,&quot;textpositionmarginbottom&quot;:24,&quot;texteffect&quot;:&quot;slide&quot;,&quot;texteffecteasing&quot;:&quot;easeOutCubic&quot;,&quot;texteffectduration&quot;:600,&quot;texteffectslidedirection&quot;:&quot;left&quot;,&quot;texteffectslidedistance&quot;:30,&quot;texteffectdelay&quot;:500,&quot;texteffectseparate&quot;:true,&quot;texteffect1&quot;:&quot;slide&quot;,&quot;texteffectslidedirection1&quot;:&quot;right&quot;,&quot;texteffectslidedistance1&quot;:120,&quot;texteffecteasing1&quot;:&quot;easeOutCubic&quot;,&quot;texteffectduration1&quot;:600,&quot;texteffectdelay1&quot;:1000,&quot;texteffect2&quot;:&quot;slide&quot;,&quot;texteffectslidedirection2&quot;:&quot;right&quot;,&quot;texteffectslidedistance2&quot;:120,&quot;texteffecteasing2&quot;:&quot;easeOutCubic&quot;,&quot;texteffectduration2&quot;:600,&quot;texteffectdelay2&quot;:1500,&quot;textcss&quot;:&quot;display:block; padding:8px 16px; text-align:left;&quot;,&quot;textbgcss&quot;:&quot;display:none;&quot;,&quot;titlecss&quot;:&quot;display:table; position:relative; font:bold 14px \\&quot;Lucida Sans Unicode\\&quot;,\\&quot;Lucida Grande\\&quot;,sans-serif,Arial; color:#fff; white-space:nowrap; background-color:#f7a020; padding:10px;&quot;,&quot;descriptioncss&quot;:&quot;display:block; position:relative; font:12px \\&quot;Lucida Sans Unicode\\&quot;,\\&quot;Lucida Grande\\&quot;,sans-serif,Arial; color:#fff;  background-color:#e04000; margin-top:10px; padding:10px;&quot;,&quot;buttoncss&quot;:&quot;display:block; position:relative; margin-top:10px;&quot;,&quot;texteffectresponsive&quot;:true,&quot;texteffectresponsivesize&quot;:640,&quot;titlecssresponsive&quot;:&quot;font-size:12px;&quot;,&quot;descriptioncssresponsive&quot;:&quot;font-size:12px;&quot;,&quot;buttoncssresponsive&quot;:&quot;&quot;,&quot;addgooglefonts&quot;:false,&quot;googlefonts&quot;:&quot;&quot;,&quot;textleftrightpercentforstatic&quot;:40}}\"><\/div><script>function wonderslider_34_appendcss(csscode) {var head=document.head || document.getElementsByTagName(\"head\")[0];var style=document.createElement(\"style\");head.appendChild(style);style.type=\"text\/css\";if (style.styleSheet){style.styleSheet.cssText=csscode;} else {style.appendChild(document.createTextNode(csscode));}};wonderslider_34_appendcss(\"#wonderpluginslider-34 .star-rating { \tdisplay: inline-block; }\");<\/script>\n<\/div>\n<h1><span style=\"color: #0000ff; font-family: 'times new roman', times, serif;\">Qui sommes-nous ?<br \/>\n<\/span><span style=\"color: #0000ff; font-family: 'times new roman', times, serif;\">Le Jardin Musical, cours de piano et de solf\u00e8ge \u00e0 Muret (31)<\/span><\/h1>\n<div style=\"width: 700px;\" class=\"wp-video\"><!--[if lt IE 9]><script>document.createElement('video');<\/script><![endif]-->\n<video class=\"wp-video-shortcode\" id=\"video-22-1\" width=\"700\" height=\"466\" preload=\"metadata\" controls=\"controls\"><source type=\"video\/mp4\" src=\"https:\/\/cours-piano-muret.fr\/wp-content\/uploads\/2025\/06\/Claude-Debussy-Nocturne.mp4?_=1\" \/><a href=\"https:\/\/cours-piano-muret.fr\/wp-content\/uploads\/2025\/06\/Claude-Debussy-Nocturne.mp4\">https:\/\/cours-piano-muret.fr\/wp-content\/uploads\/2025\/06\/Claude-Debussy-Nocturne.mp4<\/a><\/video><\/div>\n<h4 style=\"text-align: center;\"><span style=\"color: #3366ff;\">\u00ab Nocturne \u00bb CLAUDE DEBUSSY<\/span><\/h4>\n<h2><span style=\"color: #0000ff; font-family: 'times new roman', times, serif;\"><a style=\"color: #0000ff;\" href=\"http:\/\/www.cours-piano-muret.fr\/\"><strong>Jardin Musical\u00a0 Micheline Fran\u00e7ois-Haugrin\u00a0\u00a0<\/strong><\/a><\/span><\/h2>\n<ul>\n<li>\n<h3><span style=\"color: #3366ff; font-family: 'times new roman', times, serif;\"><strong><span style=\"font-size: 14pt;\">1 er p\u00e9riode : Psychomotricienne dipl\u00f4m\u00e9e de l&rsquo;\u00e9cole ISRP de Paris<\/span><span style=\"font-size: 14pt;\">.<\/span><\/strong><\/span><\/h3>\n<\/li>\n<\/ul>\n<p>Formation musicale au conservatoire de Toulouse.<br \/>\nDipl\u00f4m\u00e9e des formations: Willems et Orff :<br \/>\n* L&rsquo;AUDITION (= l&rsquo;oreille musicale)<br \/>\n* LE SENS DU RYTHME<br \/>\n* LE CHANT<br \/>\n* LE MOUVEMENT CORPOREL (vivre la musique dans son corps)<br \/>\n* VISUELLE : les graphismes, l&rsquo;\u00e9criture et la lecture du langage musical.<br \/>\n* AUDITIVE : m\u00e9morisation, d&rsquo;une m\u00e9lodie, d&rsquo;un accord, etc.<br \/>\n* CORPORELLE : m\u00e9moire du corps, des gestes, motricit\u00e9 fine indispensable pour la pratique instrumentale.<br \/>\nCr\u00e9ation de travail musical pour la petite enfance 3\/5 ans: 25 ans.<br \/>\nTravail musical en piano solf\u00e8ge: 35 ans.<\/p>\n<ul>\n<li>\n<h4><span style=\"color: #3366ff; font-size: 14pt;\"><strong>2 \u00e8me p\u00e9riode : UNIQUEMENT cours de piano solf\u00e8ge de 6 ans \u00e0 \u00ab Pas de limite d&rsquo;\u00e2ge. \u00bb<\/strong><\/span><\/h4>\n<\/li>\n<\/ul>\n","protected":false},"excerpt":{"rendered":"<p>Qui sommes-nous ? Le Jardin Musical, cours de piano et de solf\u00e8ge \u00e0 Muret (31) \u00ab Nocturne \u00bb CLAUDE DEBUSSY Jardin Musical\u00a0 Micheline Fran\u00e7ois-Haugrin\u00a0\u00a0 1 er p\u00e9riode : Psychomotricienne dipl\u00f4m\u00e9e de l&rsquo;\u00e9cole ISRP de Paris. Formation musicale au conservatoire de Toulouse. Dipl\u00f4m\u00e9e des formations: Willems et Orff : * L&rsquo;AUDITION &#8230;<\/p>\n","protected":false},"author":1,"featured_media":0,"parent":0,"menu_order":0,"comment_status":"closed","ping_status":"closed","template":"","meta":[],"yoast_head":"<!-- This site is optimized with the Yoast SEO plugin v20.3 - https:\/\/yoast.com\/wordpress\/plugins\/seo\/ -->\n<title>\u00c0 propos - JARDIN MUSICAL FRAN\u00c7OIS-HAUGRIN MICHELINE<\/title>\n<meta name=\"robots\" content=\"index, follow, max-snippet:-1, max-image-preview:large, max-video-preview:-1\" \/>\n<link rel=\"canonical\" href=\"https:\/\/cours-piano-muret.fr\/?page_id=22\" \/>\n<meta property=\"og:locale\" content=\"fr_FR\" \/>\n<meta property=\"og:type\" content=\"article\" \/>\n<meta property=\"og:title\" content=\"\u00c0 propos - JARDIN MUSICAL FRAN\u00c7OIS-HAUGRIN MICHELINE\" \/>\n<meta property=\"og:description\" content=\"Qui sommes-nous ? Le Jardin Musical, cours de piano et de solf\u00e8ge \u00e0 Muret (31) \u00ab Nocturne \u00bb CLAUDE DEBUSSY Jardin Musical\u00a0 Micheline Fran\u00e7ois-Haugrin\u00a0\u00a0 1 er p\u00e9riode : Psychomotricienne dipl\u00f4m\u00e9e de l&rsquo;\u00e9cole ISRP de Paris. Formation musicale au conservatoire de Toulouse. Dipl\u00f4m\u00e9e des formations: Willems et Orff : * L&rsquo;AUDITION &#8230;\" \/>\n<meta property=\"og:url\" content=\"https:\/\/cours-piano-muret.fr\/?page_id=22\" \/>\n<meta property=\"og:site_name\" content=\"JARDIN MUSICAL FRAN\u00c7OIS-HAUGRIN MICHELINE\" \/>\n<meta property=\"article:modified_time\" content=\"2025-06-16T14:22:02+00:00\" \/>\n<meta name=\"twitter:card\" content=\"summary_large_image\" \/>\n<meta name=\"twitter:label1\" content=\"Dur\u00e9e de lecture est.\" \/>\n\t<meta name=\"twitter:data1\" content=\"1 minute\" \/>\n<script type=\"application\/ld+json\" class=\"yoast-schema-graph\">{\"@context\":\"https:\/\/schema.org\",\"@graph\":[{\"@type\":\"WebPage\",\"@id\":\"https:\/\/cours-piano-muret.fr\/?page_id=22\",\"url\":\"https:\/\/cours-piano-muret.fr\/?page_id=22\",\"name\":\"\u00c0 propos - JARDIN MUSICAL FRAN\u00c7OIS-HAUGRIN MICHELINE\",\"isPartOf\":{\"@id\":\"https:\/\/cours-piano-muret.fr\/#website\"},\"datePublished\":\"2017-03-28T13:17:26+00:00\",\"dateModified\":\"2025-06-16T14:22:02+00:00\",\"breadcrumb\":{\"@id\":\"https:\/\/cours-piano-muret.fr\/?page_id=22#breadcrumb\"},\"inLanguage\":\"fr-BE\",\"potentialAction\":[{\"@type\":\"ReadAction\",\"target\":[\"https:\/\/cours-piano-muret.fr\/?page_id=22\"]}]},{\"@type\":\"BreadcrumbList\",\"@id\":\"https:\/\/cours-piano-muret.fr\/?page_id=22#breadcrumb\",\"itemListElement\":[{\"@type\":\"ListItem\",\"position\":1,\"name\":\"Home\",\"item\":\"https:\/\/cours-piano-muret.fr\/\"},{\"@type\":\"ListItem\",\"position\":2,\"name\":\"\u00c0 propos\"}]},{\"@type\":\"WebSite\",\"@id\":\"https:\/\/cours-piano-muret.fr\/#website\",\"url\":\"https:\/\/cours-piano-muret.fr\/\",\"name\":\"JARDIN MUSICAL FRAN\u00c7OIS-HAUGRIN MICHELINE\",\"description\":\"Petites notes.\",\"potentialAction\":[{\"@type\":\"SearchAction\",\"target\":{\"@type\":\"EntryPoint\",\"urlTemplate\":\"https:\/\/cours-piano-muret.fr\/?s={search_term_string}\"},\"query-input\":\"required name=search_term_string\"}],\"inLanguage\":\"fr-BE\"}]}<\/script>\n<!-- \/ Yoast SEO plugin. -->","yoast_head_json":{"title":"\u00c0 propos - JARDIN MUSICAL FRAN\u00c7OIS-HAUGRIN MICHELINE","robots":{"index":"index","follow":"follow","max-snippet":"max-snippet:-1","max-image-preview":"max-image-preview:large","max-video-preview":"max-video-preview:-1"},"canonical":"https:\/\/cours-piano-muret.fr\/?page_id=22","og_locale":"fr_FR","og_type":"article","og_title":"\u00c0 propos - JARDIN MUSICAL FRAN\u00c7OIS-HAUGRIN MICHELINE","og_description":"Qui sommes-nous ? Le Jardin Musical, cours de piano et de solf\u00e8ge \u00e0 Muret (31) \u00ab Nocturne \u00bb CLAUDE DEBUSSY Jardin Musical\u00a0 Micheline Fran\u00e7ois-Haugrin\u00a0\u00a0 1 er p\u00e9riode : Psychomotricienne dipl\u00f4m\u00e9e de l&rsquo;\u00e9cole ISRP de Paris. Formation musicale au conservatoire de Toulouse. Dipl\u00f4m\u00e9e des formations: Willems et Orff : * L&rsquo;AUDITION &#8230;","og_url":"https:\/\/cours-piano-muret.fr\/?page_id=22","og_site_name":"JARDIN MUSICAL FRAN\u00c7OIS-HAUGRIN MICHELINE","article_modified_time":"2025-06-16T14:22:02+00:00","twitter_card":"summary_large_image","twitter_misc":{"Dur\u00e9e de lecture est.":"1 minute"},"schema":{"@context":"https:\/\/schema.org","@graph":[{"@type":"WebPage","@id":"https:\/\/cours-piano-muret.fr\/?page_id=22","url":"https:\/\/cours-piano-muret.fr\/?page_id=22","name":"\u00c0 propos - JARDIN MUSICAL FRAN\u00c7OIS-HAUGRIN MICHELINE","isPartOf":{"@id":"https:\/\/cours-piano-muret.fr\/#website"},"datePublished":"2017-03-28T13:17:26+00:00","dateModified":"2025-06-16T14:22:02+00:00","breadcrumb":{"@id":"https:\/\/cours-piano-muret.fr\/?page_id=22#breadcrumb"},"inLanguage":"fr-BE","potentialAction":[{"@type":"ReadAction","target":["https:\/\/cours-piano-muret.fr\/?page_id=22"]}]},{"@type":"BreadcrumbList","@id":"https:\/\/cours-piano-muret.fr\/?page_id=22#breadcrumb","itemListElement":[{"@type":"ListItem","position":1,"name":"Home","item":"https:\/\/cours-piano-muret.fr\/"},{"@type":"ListItem","position":2,"name":"\u00c0 propos"}]},{"@type":"WebSite","@id":"https:\/\/cours-piano-muret.fr\/#website","url":"https:\/\/cours-piano-muret.fr\/","name":"JARDIN MUSICAL FRAN\u00c7OIS-HAUGRIN MICHELINE","description":"Petites notes.","potentialAction":[{"@type":"SearchAction","target":{"@type":"EntryPoint","urlTemplate":"https:\/\/cours-piano-muret.fr\/?s={search_term_string}"},"query-input":"required name=search_term_string"}],"inLanguage":"fr-BE"}]}},"_links":{"self":[{"href":"https:\/\/cours-piano-muret.fr\/index.php?rest_route=\/wp\/v2\/pages\/22"}],"collection":[{"href":"https:\/\/cours-piano-muret.fr\/index.php?rest_route=\/wp\/v2\/pages"}],"about":[{"href":"https:\/\/cours-piano-muret.fr\/index.php?rest_route=\/wp\/v2\/types\/page"}],"author":[{"embeddable":true,"href":"https:\/\/cours-piano-muret.fr\/index.php?rest_route=\/wp\/v2\/users\/1"}],"replies":[{"embeddable":true,"href":"https:\/\/cours-piano-muret.fr\/index.php?rest_route=%2Fwp%2Fv2%2Fcomments&post=22"}],"version-history":[{"count":59,"href":"https:\/\/cours-piano-muret.fr\/index.php?rest_route=\/wp\/v2\/pages\/22\/revisions"}],"predecessor-version":[{"id":3033,"href":"https:\/\/cours-piano-muret.fr\/index.php?rest_route=\/wp\/v2\/pages\/22\/revisions\/3033"}],"wp:attachment":[{"href":"https:\/\/cours-piano-muret.fr\/index.php?rest_route=%2Fwp%2Fv2%2Fmedia&parent=22"}],"curies":[{"name":"wp","href":"https:\/\/api.w.org\/{rel}","templated":true}]}}