{"id":107,"date":"2017-03-30T18:25:09","date_gmt":"2017-03-30T16:25:09","guid":{"rendered":"http:\/\/cours-piano-muret.fr\/?page_id=107"},"modified":"2025-09-01T18:45:28","modified_gmt":"2025-09-01T16:45:28","slug":"historique-du-jardin-musical","status":"publish","type":"page","link":"https:\/\/cours-piano-muret.fr\/?page_id=107","title":{"rendered":"Historique du Jardin Musical"},"content":{"rendered":"<div style=\"width: 700px;\" class=\"wp-video\"><!--[if lt IE 9]><script>document.createElement('video');<\/script><![endif]-->\n<video class=\"wp-video-shortcode\" id=\"video-107-1\" width=\"700\" height=\"466\" preload=\"metadata\" controls=\"controls\"><source type=\"video\/mp4\" src=\"https:\/\/cours-piano-muret.fr\/wp-content\/uploads\/2025\/09\/J.S-Bach-N\u00b01-.mp4?_=1\" \/><a href=\"https:\/\/cours-piano-muret.fr\/wp-content\/uploads\/2025\/09\/J.S-Bach-N\u00b01-.mp4\">https:\/\/cours-piano-muret.fr\/wp-content\/uploads\/2025\/09\/J.S-Bach-N\u00b01-.mp4<\/a><\/video><\/div>\n<h1><span style=\"font-size: 18pt;\">Pr\u00e9lude J.S &#8211; Bach N\u00b01 <\/span><\/h1>\n<h1 style=\"text-align: center;\"><span style=\"color: #0000ff;\">Document t\u00e9l\u00e9chargeable\u00a0 de l&rsquo;historique du Jardin Musical<\/span><\/h1>\n<p>Nous vous invitons \u00e0 cliquer sue la photo de l&rsquo;oiseau ci-dessous \u00a0afin de l&rsquo;obtenir.<\/p>\n<p><a href=\"https:\/\/cours-piano-muret.fr\/wp-content\/uploads\/2017\/03\/HISTORIQUE-DU-JARDIN-MUSICAL-.pdf\"><img loading=\"lazy\" class=\"aligncenter wp-image-1209\" src=\"https:\/\/cours-piano-muret.fr\/wp-content\/uploads\/2019\/07\/Logo-2.jpg\" alt=\"\" width=\"460\" height=\"373\" srcset=\"https:\/\/cours-piano-muret.fr\/wp-content\/uploads\/2019\/07\/Logo-2.jpg 611w, https:\/\/cours-piano-muret.fr\/wp-content\/uploads\/2019\/07\/Logo-2-300x244.jpg 300w\" sizes=\"(max-width: 460px) 100vw, 460px\" \/><\/a><\/p>\n<div class=\"wonderpluginslider-container\" id=\"wonderpluginslider-container-23\" style=\"max-width:840px;margin:0 auto;padding-left:0px;padding-right:0px;padding-top:0px;padding-bottom:0px;\"><div class=\"wonderpluginslider\" id=\"wonderpluginslider-23\" data-sliderid=\"23\" data-width=\"840\" data-height=\"360\" data-skin=\"classic\" data-playmutedandinlinewhenautoplay=\"false\" data-addextraattributes=\"false\" data-autoplay=\"true\" data-randomplay=\"false\" data-loadimageondemand=\"false\" data-transitiononfirstslide=\"false\" data-autoplayvideo=\"false\" data-isresponsive=\"true\" data-fullwidth=\"false\" data-isfullscreen=\"false\" data-ratioresponsive=\"true\" data-showtext=\"false\" data-showtimer=\"true\" data-showbottomshadow=\"true\" data-navshowpreview=\"true\" data-textautohide=\"true\" data-pauseonmouseover=\"false\" data-lightboxresponsive=\"true\" data-lightboxshownavigation=\"false\" data-lightboxshowtitle=\"true\" data-lightboxshowdescription=\"false\" data-texteffectresponsive=\"true\" data-donotinit=\"false\" data-addinitscript=\"false\" data-lightboxfullscreenmode=\"false\" data-lightboxcloseonoverlay=\"true\" data-lightboxvideohidecontrols=\"false\" data-lightboxnogroup=\"false\" data-shownav=\"true\" data-navthumbresponsive=\"false\" data-navshowfeaturedarrow=\"false\" data-lightboxshowsocial=\"false\" data-lightboxshowfacebook=\"true\" data-lightboxshowtwitter=\"true\" data-lightboxshowpinterest=\"true\" data-lightboxsocialrotateeffect=\"true\" data-showsocial=\"false\" data-showfacebook=\"true\" data-showtwitter=\"true\" data-showpinterest=\"true\" data-socialrotateeffect=\"true\" data-disableinlinecss=\"false\" data-triggerresize=\"false\" data-lightboxautoslide=\"false\" data-lightboxshowtimer=\"true\" data-lightboxshowplaybutton=\"true\" data-lightboxalwaysshownavarrows=\"false\" data-lightboxshowtitleprefix=\"true\" data-titleusealt=\"false\" data-outputtext=\"false\" data-titletag=\"h1\" data-descriptiontag=\"h2\" data-scalemode=\"fill\" data-arrowstyle=\"mouseover\" data-transition=\"cssslide\" data-loop=\"0\" data-border=\"0\" data-slideinterval=\"8000\" data-arrowimage=\"arrows-32-32-0.png\" data-arrowwidth=\"32\" data-arrowheight=\"32\" data-arrowtop=\"50\" data-arrowmargin=\"8\" data-navstyle=\"bullets\" data-navimage=\"bullet-24-24-0.png\" data-navwidth=\"24\" data-navheight=\"24\" data-navspacing=\"8\" data-navmarginx=\"16\" data-navmarginy=\"16\" data-navposition=\"bottom\" data-navthumbnavigationstyle=\"arrow\" data-navthumbnavigationarrowimage=\"carouselarrows-32-32-0.png\" data-navthumbnavigationarrowimagewidth=\"32\" data-navthumbnavigationarrowimageheight=\"32\" data-playvideoimage=\"playvideo-64-64-0.png\" data-playvideoimagewidth=\"64\" data-playvideoimageheight=\"64\" data-lightboxthumbwidth=\"90\" data-lightboxthumbheight=\"60\" data-lightboxthumbtopmargin=\"12\" data-lightboxthumbbottommargin=\"4\" data-lightboxbarheight=\"64\" data-lightboxtitlebottomcss=\"color:#333; font-size:14px; font-family:Armata,sans-serif,Arial; overflow:hidden; text-align:left;\" data-lightboxdescriptionbottomcss=\"color:#333; font-size:12px; font-family:Arial,Helvetica,sans-serif; overflow:hidden; text-align:left; margin:4px 0px 0px; padding: 0px;\" data-textformat=\"Bottom bar\" data-textpositionstatic=\"bottom\" data-textpositiondynamic=\"bottomleft\" data-paddingleft=\"0\" data-paddingright=\"0\" data-paddingtop=\"0\" data-paddingbottom=\"0\" data-texteffectresponsivesize=\"640\" data-textleftrightpercentforstatic=\"40\" data-fadeduration=\"1000\" data-crossfadeduration=\"1000\" data-fadeoutfadeinduration=\"2000\" data-slideduration=\"1000\" data-cssslideduration=\"1000\" data-elasticduration=\"1000\" data-sliceduration=\"1500\" data-blindsduration=\"1500\" data-blocksduration=\"1500\" data-shuffleduration=\"1500\" data-tilesduration=\"2000\" data-kenburnsduration=\"5000\" data-flipduration=\"1500\" data-flipwithzoomduration=\"2000\" data-threedduration=\"1500\" data-threedhorizontalduration=\"1500\" data-threedwithzoomduration=\"2500\" data-threedhorizontalwithzoomduration=\"2200\" data-threedflipduration=\"1500\" data-threedflipwithzoomduration=\"2000\" data-threedtilesduration=\"2000\" data-threedfallback=\"flip\" data-threedhorizontalfallback=\"flip\" data-threedwithzoomfallback=\"flipwithzoom\" data-threedhorizontalwithzoomfallback=\"flipwithzoom\" data-threedflipfallback=\"flip\" data-threedflipwithzoomfallback=\"flipwithzoom\" data-threedtilesfallback=\"tiles\" data-ratiomediumscreen=\"800\" data-ratiomediumheight=\"1.6\" data-ratiosmallscreen=\"480\" data-ratiosmallheight=\"2.4\" data-socialmode=\"mouseover\" data-socialposition=\"position:absolute;top:8px;right:8px;\" data-socialpositionsmallscreen=\"position:absolute;top:8px;right:8px;\" data-socialdirection=\"horizontal\" data-socialbuttonsize=\"32\" data-socialbuttonfontsize=\"18\" data-navthumbcolumn=\"5\" data-navthumbtitleheight=\"20\" data-navthumbtitlewidth=\"120\" data-navthumbresponsivemode=\"samesize\" data-navthumbstyle=\"imageonly\" data-navthumbmediumsize=\"900\" data-navthumbmediumwidth=\"64\" data-navthumbmediumheight=\"64\" data-navthumbmediumcolumn=\"4\" data-navthumbmediumtitleheight=\"18\" data-navthumbmediumtitlewidth=\"120\" data-navthumbsmallsize=\"600\" data-navthumbsmallwidth=\"48\" data-navthumbsmallheight=\"48\" data-navthumbsmallcolumn=\"3\" data-navthumbsmalltitleheight=\"18\" data-navthumbsmalltitlewidth=\"120\" data-lightboxsocialposition=\"position:absolute;top:100%;right:0;\" data-lightboxsocialpositionsmallscreen=\"position:absolute;top:100%;right:0;left:0;\" data-lightboxsocialdirection=\"horizontal\" data-lightboxsocialbuttonsize=\"32\" data-lightboxsocialbuttonfontsize=\"18\" data-lightboxtitlestyle=\"bottom\" data-lightboximagepercentage=\"75\" data-lightboxdefaultvideovolume=\"1\" data-lightboxoverlaybgcolor=\"#000\" data-lightboxoverlayopacity=\"0.9\" data-lightboxbgcolor=\"#fff\" data-lightboxtitleprefix=\"%NUM \/ %TOTAL\" data-lightboxtitleinsidecss=\"color:#fff; font-size:16px; font-family:Arial,Helvetica,sans-serif; overflow:hidden; text-align:left;\" data-lightboxdescriptioninsidecss=\"color:#fff; font-size:12px; font-family:Arial,Helvetica,sans-serif; overflow:hidden; text-align:left; margin:4px 0px 0px; padding: 0px;\" data-triggerresizedelay=\"100\" data-lightboxslideinterval=\"5000\" data-lightboxtimerposition=\"bottom\" data-lightboxtimercolor=\"#dc572e\" data-lightboxtimeropacity=\"1\" data-lightboxbordersize=\"8\" data-lightboxborderradius=\"0\" data-textcss=\"display:block; padding:12px; text-align:left;\" data-textbgcss=\"display:block; position:absolute; top:0px; left:0px; width:100%; height:100%; background-color:#333333; opacity:0.6; filter:alpha(opacity=60);\" data-titlecss=\"display:block; position:relative; font:bold 14px &quot;Lucida Sans Unicode&quot;,&quot;Lucida Grande&quot;,sans-serif,Arial; color:#fff;\" data-descriptioncss=\"display:block; position:relative; font:12px &quot;Lucida Sans Unicode&quot;,&quot;Lucida Grande&quot;,sans-serif,Arial; color:#fff; margin-top:8px;\" data-buttoncss=\"display:block; position:relative; margin-top:8px;\" data-titlecssresponsive=\"font-size:12px;\" data-descriptioncssresponsive=\"font-size:12px;\" data-buttoncssresponsive=\"\" data-jsfolder=\"https:\/\/cours-piano-muret.fr\/wp-content\/plugins\/wonderplugin-slider-lite\/engine\/\" style=\"display:none;\" ><ul class=\"amazingslider-slides\"  style=\"display:none;\"><li><img class=\"amazingslider-img-elem amazingsliderimg\" src=\"http:\/\/cours-piano-muret.fr\/wp-content\/uploads\/2019\/07\/NOTE-FULEE-BLEU-VERT-FLEURS-.jpg\" alt=\"NOTE FULEE BLEU VERT FLEURS\" title=\"NOTE FULEE BLEU VERT FLEURS\" data-description=\"\" \/><\/li><li><img class=\"amazingslider-img-elem amazingsliderimg\" src=\"http:\/\/cours-piano-muret.fr\/wp-content\/uploads\/2019\/07\/PARTITION-FLEURS-.jpg\" alt=\"PARTITION FLEURS\" title=\"PARTITION FLEURS\" data-description=\"\" \/><\/li><li><img class=\"amazingslider-img-elem amazingsliderimg\" src=\"http:\/\/cours-piano-muret.fr\/wp-content\/uploads\/2019\/07\/ROSIER-PIANO-.jpg\" alt=\"ROSIER PIANO\" title=\"ROSIER PIANO\" data-description=\"\" \/><\/li><\/ul><ul class=\"amazingslider-thumbnails\"  style=\"display:none;\"><li><img class=\"amazingslider-thumbnail-elem amazingsliderthumbnailimg\" src=\"http:\/\/cours-piano-muret.fr\/wp-content\/uploads\/2019\/07\/NOTE-FULEE-BLEU-VERT-FLEURS--300x129.jpg\" alt=\"NOTE FULEE BLEU VERT FLEURS\" title=\"NOTE FULEE BLEU VERT FLEURS\" data-description=\"\" \/><\/li><li><img class=\"amazingslider-thumbnail-elem amazingsliderthumbnailimg\" src=\"http:\/\/cours-piano-muret.fr\/wp-content\/uploads\/2019\/07\/PARTITION-FLEURS--300x129.jpg\" alt=\"PARTITION FLEURS\" title=\"PARTITION FLEURS\" data-description=\"\" \/><\/li><li><img class=\"amazingslider-thumbnail-elem amazingsliderthumbnailimg\" src=\"http:\/\/cours-piano-muret.fr\/wp-content\/uploads\/2019\/07\/ROSIER-PIANO--300x129.jpg\" alt=\"ROSIER PIANO\" title=\"ROSIER PIANO\" data-description=\"\" \/><\/li><\/ul><\/div><\/div><div id=\"amazingslider_customtexteffect_23\" style=\"display:none;\" data-texteffect=\"{&quot;Bottom bar&quot;:{&quot;textstyle&quot;:&quot;static&quot;,&quot;textpositionstatic&quot;:&quot;bottom&quot;,&quot;textautohide&quot;:true,&quot;textpositionmarginstatic&quot;:0,&quot;textpositiondynamic&quot;:&quot;bottomleft&quot;,&quot;textpositionmarginleft&quot;:24,&quot;textpositionmarginright&quot;:24,&quot;textpositionmargintop&quot;:24,&quot;textpositionmarginbottom&quot;:24,&quot;texteffect&quot;:&quot;slide&quot;,&quot;texteffecteasing&quot;:&quot;easeOutCubic&quot;,&quot;texteffectduration&quot;:600,&quot;texteffectslidedirection&quot;:&quot;left&quot;,&quot;texteffectslidedistance&quot;:30,&quot;texteffectdelay&quot;:500,&quot;texteffectseparate&quot;:false,&quot;texteffect1&quot;:&quot;slide&quot;,&quot;texteffectslidedirection1&quot;:&quot;right&quot;,&quot;texteffectslidedistance1&quot;:120,&quot;texteffecteasing1&quot;:&quot;easeOutCubic&quot;,&quot;texteffectduration1&quot;:600,&quot;texteffectdelay1&quot;:1000,&quot;texteffect2&quot;:&quot;slide&quot;,&quot;texteffectslidedirection2&quot;:&quot;right&quot;,&quot;texteffectslidedistance2&quot;:120,&quot;texteffecteasing2&quot;:&quot;easeOutCubic&quot;,&quot;texteffectduration2&quot;:600,&quot;texteffectdelay2&quot;:1500,&quot;textcss&quot;:&quot;display:block; padding:12px; text-align:left;&quot;,&quot;textbgcss&quot;:&quot;display:block; position:absolute; top:0px; left:0px; width:100%; height:100%; background-color:#333333; opacity:0.6; filter:alpha(opacity=60);&quot;,&quot;titlecss&quot;:&quot;display:block; position:relative; font:bold 14px \\&quot;Lucida Sans Unicode\\&quot;,\\&quot;Lucida Grande\\&quot;,sans-serif,Arial; color:#fff;&quot;,&quot;descriptioncss&quot;:&quot;display:block; position:relative; font:12px \\&quot;Lucida Sans Unicode\\&quot;,\\&quot;Lucida Grande\\&quot;,sans-serif,Arial; color:#fff; margin-top:8px;&quot;,&quot;buttoncss&quot;:&quot;display:block; position:relative; margin-top:8px;&quot;,&quot;texteffectresponsive&quot;:true,&quot;texteffectresponsivesize&quot;:640,&quot;titlecssresponsive&quot;:&quot;font-size:12px;&quot;,&quot;descriptioncssresponsive&quot;:&quot;font-size:12px;&quot;,&quot;buttoncssresponsive&quot;:&quot;&quot;,&quot;addgooglefonts&quot;:false,&quot;googlefonts&quot;:&quot;&quot;,&quot;textleftrightpercentforstatic&quot;:40}}\"><\/div>\n<p style=\"text-align: justify;\">\n<p><strong>En septembre 1987<\/strong>, naissait cet atelier de musique tourn\u00e9 presque exclusivement vers le travail<br \/>\n\u00ab musique et petite enfance. \u00bb Des cours de piano\/solf\u00e8ge existaient d\u00e9j\u00e0, ainsi que des cours de fl\u00fbte \u00e0 bec et fl\u00fbte traversi\u00e8re.<\/p>\n<p style=\"text-align: justify;\">La p\u00e9dagogie musicale pour les enfants de 3 \u00e0 5 ans, n&rsquo;existait gu\u00e8re dans la r\u00e9gion de Muret \u00e0 cette \u00e9poque. Le tr\u00e8s jeune enfant a envie de d\u00e9couvertes, d&rsquo;exp\u00e9riences. La musique est l&rsquo;\u00e9l\u00e9ment essentiel dans lequel vous pouvez acc\u00e9der a vos d\u00e9sirs.<\/p>\n<h2 style=\"text-align: justify;\"><span style=\"font-size: 14pt; color: #3366ff;\"><strong>Des d\u00e9couvertes et des exp\u00e9riences :<\/strong><\/span><\/h2>\n<p>*Celles des bruits familiers ou non. Celles des fils qui s&rsquo;en diff\u00e9rencient : des volutes faites par les courbes m\u00e9lodiques et des variations d&rsquo;intensit\u00e9s.<\/p>\n<p>*Celles des vitesses et des rythmes. Tout ceci gr\u00e2ce aux jeux dynamiques de la danse du mime des mouvements gymniques spontan\u00e9s et des jeux avec la voix.<\/p>\n<p>*La plus grande des d\u00e9couvertes pour cet \u00e2ge, c&rsquo;est que l&rsquo;on permet de laisser une trace de toutes ces aventures. Cela s&rsquo;appellera \u00ab le solf\u00e8ge \u00bb<\/p>\n<p style=\"text-align: justify;\">*Ce langage des enfants, des rythmes, est \u00e0 la fois tr\u00e8s proche de leur quotidien. N&rsquo;oublions pas toute fois la <strong>manipulation et l&rsquo;utilisation d&rsquo;instruments de toutes sortes,<\/strong> le tout fait en petits groupes o\u00f9 chacun est proche de l&rsquo;autre.<\/p>\n<p style=\"text-align: justify;\"><strong>Pendant toutes ces ann\u00e9es, des \u00ab go\u00fbters-concerts \u00bb<\/strong> ont \u00e9t\u00e9 organis\u00e9s dans le but de faire d\u00e9couvrir d&rsquo;autres instruments dans un <strong>cadre familial<\/strong> \u00a0: cornemuse, saxophone, violon, etc &#8230; Il y aussi des <strong>visites d&rsquo;artisans luthiers<\/strong>, des <strong>\u00e9tapes de d\u00e9couverte<\/strong> de ce qu&rsquo;est <strong>l&rsquo;histoire de la musique.<br \/>\n<\/strong>Ainsi que des <strong>stages \u00ab travail \u00e9ducatif et musique \u00bb<\/strong> d\u00e9di\u00e9s aux adultes professionnels ou non.<\/p>\n<p style=\"text-align: justify;\"><strong>Mais avec le temps<\/strong>, les tout-petits ont grandi et l\u2019\u00e9cole de musique s\u2019est ouverte plus largement aux cours de <strong><u>piano\/solf\u00e8ge.<\/u><\/strong><\/p>\n<p style=\"text-align: justify;\">Tous les \u00e2ges et tous les niveaux peuvent y trouver une place. Les musiques travaill\u00e9es sont de tout style\u00a0: Classique, jazz, vari\u00e9t\u00e9, musique de films et m\u00eame pour certains \u00e9l\u00e8ves, des cr\u00e9ations personnelles.<\/p>\n<p style=\"text-align: justify;\"><strong>Des activit\u00e9s annuelles<\/strong> permettaient de brasser toutes ces comp\u00e9tences :<\/p>\n<p>*Visites du mus\u00e9e du piano \u00e0 Limoux dans l\u2019Aude.<\/p>\n<p>*Ecoute d\u2019\u0153uvres \u00e0 l\u2019occasion des concerts du dimanche au th\u00e9\u00e2tre de \u00ab\u00a0la Halle Aux Grains\u00a0\u00bb \u00e0 Toulouse.<\/p>\n<p><strong><u>*F\u00eate printani\u00e8re annuelle du Jardin Musical.<\/u><\/strong><\/p>\n<p>*Et d\u2019autres surprises en r\u00e9serve.<\/p>\n<p style=\"text-align: justify;\"><strong><em><u>Pour finir, Le Jardin Musical est une petite \u00e9cole de musique familiale, qui est n\u00e9e autour de l\u2019\u00e9veil musical et qui a \u00e9volu\u00e9 vers une \u00e9cole de piano et solf\u00e8ge essentiellement.<\/u><\/em><\/strong><\/p>\n","protected":false},"excerpt":{"rendered":"<p>Pr\u00e9lude J.S &#8211; Bach N\u00b01 Document t\u00e9l\u00e9chargeable\u00a0 de l&rsquo;historique du Jardin Musical Nous vous invitons \u00e0 cliquer sue la photo de l&rsquo;oiseau ci-dessous \u00a0afin de l&rsquo;obtenir. En septembre 1987, naissait cet atelier de musique tourn\u00e9 presque exclusivement vers le travail \u00ab musique et petite enfance. \u00bb Des cours de piano\/solf\u00e8ge &#8230;<\/p>\n","protected":false},"author":1,"featured_media":0,"parent":0,"menu_order":0,"comment_status":"closed","ping_status":"closed","template":"","meta":[],"yoast_head":"<!-- This site is optimized with the Yoast SEO plugin v20.3 - https:\/\/yoast.com\/wordpress\/plugins\/seo\/ -->\n<title>Historique du Jardin Musical - JARDIN MUSICAL FRAN\u00c7OIS-HAUGRIN MICHELINE<\/title>\n<meta name=\"robots\" content=\"index, follow, max-snippet:-1, max-image-preview:large, max-video-preview:-1\" \/>\n<link rel=\"canonical\" href=\"https:\/\/cours-piano-muret.fr\/?page_id=107\" \/>\n<meta property=\"og:locale\" content=\"fr_FR\" \/>\n<meta property=\"og:type\" content=\"article\" \/>\n<meta property=\"og:title\" content=\"Historique du Jardin Musical - JARDIN MUSICAL FRAN\u00c7OIS-HAUGRIN MICHELINE\" \/>\n<meta property=\"og:description\" content=\"Pr\u00e9lude J.S &#8211; Bach N\u00b01 Document t\u00e9l\u00e9chargeable\u00a0 de l&rsquo;historique du Jardin Musical Nous vous invitons \u00e0 cliquer sue la photo de l&rsquo;oiseau ci-dessous \u00a0afin de l&rsquo;obtenir. En septembre 1987, naissait cet atelier de musique tourn\u00e9 presque exclusivement vers le travail \u00ab musique et petite enfance. \u00bb Des cours de piano\/solf\u00e8ge &#8230;\" \/>\n<meta property=\"og:url\" content=\"https:\/\/cours-piano-muret.fr\/?page_id=107\" \/>\n<meta property=\"og:site_name\" content=\"JARDIN MUSICAL FRAN\u00c7OIS-HAUGRIN MICHELINE\" \/>\n<meta property=\"article:modified_time\" content=\"2025-09-01T16:45:28+00:00\" \/>\n<meta property=\"og:image\" content=\"http:\/\/cours-piano-muret.fr\/wp-content\/uploads\/2019\/07\/Logo-2.jpg\" \/>\n<meta name=\"twitter:card\" content=\"summary_large_image\" \/>\n<meta name=\"twitter:label1\" content=\"Dur\u00e9e de lecture est.\" \/>\n\t<meta name=\"twitter:data1\" content=\"3 minutes\" \/>\n<script type=\"application\/ld+json\" class=\"yoast-schema-graph\">{\"@context\":\"https:\/\/schema.org\",\"@graph\":[{\"@type\":\"WebPage\",\"@id\":\"https:\/\/cours-piano-muret.fr\/?page_id=107\",\"url\":\"https:\/\/cours-piano-muret.fr\/?page_id=107\",\"name\":\"Historique du Jardin Musical - JARDIN MUSICAL FRAN\u00c7OIS-HAUGRIN MICHELINE\",\"isPartOf\":{\"@id\":\"https:\/\/cours-piano-muret.fr\/#website\"},\"datePublished\":\"2017-03-30T16:25:09+00:00\",\"dateModified\":\"2025-09-01T16:45:28+00:00\",\"breadcrumb\":{\"@id\":\"https:\/\/cours-piano-muret.fr\/?page_id=107#breadcrumb\"},\"inLanguage\":\"fr-BE\",\"potentialAction\":[{\"@type\":\"ReadAction\",\"target\":[\"https:\/\/cours-piano-muret.fr\/?page_id=107\"]}]},{\"@type\":\"BreadcrumbList\",\"@id\":\"https:\/\/cours-piano-muret.fr\/?page_id=107#breadcrumb\",\"itemListElement\":[{\"@type\":\"ListItem\",\"position\":1,\"name\":\"Home\",\"item\":\"https:\/\/cours-piano-muret.fr\/\"},{\"@type\":\"ListItem\",\"position\":2,\"name\":\"Historique du Jardin Musical\"}]},{\"@type\":\"WebSite\",\"@id\":\"https:\/\/cours-piano-muret.fr\/#website\",\"url\":\"https:\/\/cours-piano-muret.fr\/\",\"name\":\"JARDIN MUSICAL FRAN\u00c7OIS-HAUGRIN MICHELINE\",\"description\":\"Petites notes.\",\"potentialAction\":[{\"@type\":\"SearchAction\",\"target\":{\"@type\":\"EntryPoint\",\"urlTemplate\":\"https:\/\/cours-piano-muret.fr\/?s={search_term_string}\"},\"query-input\":\"required name=search_term_string\"}],\"inLanguage\":\"fr-BE\"}]}<\/script>\n<!-- \/ Yoast SEO plugin. -->","yoast_head_json":{"title":"Historique du Jardin Musical - JARDIN MUSICAL FRAN\u00c7OIS-HAUGRIN MICHELINE","robots":{"index":"index","follow":"follow","max-snippet":"max-snippet:-1","max-image-preview":"max-image-preview:large","max-video-preview":"max-video-preview:-1"},"canonical":"https:\/\/cours-piano-muret.fr\/?page_id=107","og_locale":"fr_FR","og_type":"article","og_title":"Historique du Jardin Musical - JARDIN MUSICAL FRAN\u00c7OIS-HAUGRIN MICHELINE","og_description":"Pr\u00e9lude J.S &#8211; Bach N\u00b01 Document t\u00e9l\u00e9chargeable\u00a0 de l&rsquo;historique du Jardin Musical Nous vous invitons \u00e0 cliquer sue la photo de l&rsquo;oiseau ci-dessous \u00a0afin de l&rsquo;obtenir. En septembre 1987, naissait cet atelier de musique tourn\u00e9 presque exclusivement vers le travail \u00ab musique et petite enfance. \u00bb Des cours de piano\/solf\u00e8ge &#8230;","og_url":"https:\/\/cours-piano-muret.fr\/?page_id=107","og_site_name":"JARDIN MUSICAL FRAN\u00c7OIS-HAUGRIN MICHELINE","article_modified_time":"2025-09-01T16:45:28+00:00","og_image":[{"url":"http:\/\/cours-piano-muret.fr\/wp-content\/uploads\/2019\/07\/Logo-2.jpg"}],"twitter_card":"summary_large_image","twitter_misc":{"Dur\u00e9e de lecture est.":"3 minutes"},"schema":{"@context":"https:\/\/schema.org","@graph":[{"@type":"WebPage","@id":"https:\/\/cours-piano-muret.fr\/?page_id=107","url":"https:\/\/cours-piano-muret.fr\/?page_id=107","name":"Historique du Jardin Musical - JARDIN MUSICAL FRAN\u00c7OIS-HAUGRIN MICHELINE","isPartOf":{"@id":"https:\/\/cours-piano-muret.fr\/#website"},"datePublished":"2017-03-30T16:25:09+00:00","dateModified":"2025-09-01T16:45:28+00:00","breadcrumb":{"@id":"https:\/\/cours-piano-muret.fr\/?page_id=107#breadcrumb"},"inLanguage":"fr-BE","potentialAction":[{"@type":"ReadAction","target":["https:\/\/cours-piano-muret.fr\/?page_id=107"]}]},{"@type":"BreadcrumbList","@id":"https:\/\/cours-piano-muret.fr\/?page_id=107#breadcrumb","itemListElement":[{"@type":"ListItem","position":1,"name":"Home","item":"https:\/\/cours-piano-muret.fr\/"},{"@type":"ListItem","position":2,"name":"Historique du Jardin Musical"}]},{"@type":"WebSite","@id":"https:\/\/cours-piano-muret.fr\/#website","url":"https:\/\/cours-piano-muret.fr\/","name":"JARDIN MUSICAL FRAN\u00c7OIS-HAUGRIN MICHELINE","description":"Petites notes.","potentialAction":[{"@type":"SearchAction","target":{"@type":"EntryPoint","urlTemplate":"https:\/\/cours-piano-muret.fr\/?s={search_term_string}"},"query-input":"required name=search_term_string"}],"inLanguage":"fr-BE"}]}},"_links":{"self":[{"href":"https:\/\/cours-piano-muret.fr\/index.php?rest_route=\/wp\/v2\/pages\/107"}],"collection":[{"href":"https:\/\/cours-piano-muret.fr\/index.php?rest_route=\/wp\/v2\/pages"}],"about":[{"href":"https:\/\/cours-piano-muret.fr\/index.php?rest_route=\/wp\/v2\/types\/page"}],"author":[{"embeddable":true,"href":"https:\/\/cours-piano-muret.fr\/index.php?rest_route=\/wp\/v2\/users\/1"}],"replies":[{"embeddable":true,"href":"https:\/\/cours-piano-muret.fr\/index.php?rest_route=%2Fwp%2Fv2%2Fcomments&post=107"}],"version-history":[{"count":54,"href":"https:\/\/cours-piano-muret.fr\/index.php?rest_route=\/wp\/v2\/pages\/107\/revisions"}],"predecessor-version":[{"id":3202,"href":"https:\/\/cours-piano-muret.fr\/index.php?rest_route=\/wp\/v2\/pages\/107\/revisions\/3202"}],"wp:attachment":[{"href":"https:\/\/cours-piano-muret.fr\/index.php?rest_route=%2Fwp%2Fv2%2Fmedia&parent=107"}],"curies":[{"name":"wp","href":"https:\/\/api.w.org\/{rel}","templated":true}]}}