{"id":103,"date":"2017-03-30T18:15:56","date_gmt":"2017-03-30T16:15:56","guid":{"rendered":"http:\/\/cours-piano-muret.fr\/?page_id=103"},"modified":"2025-07-07T17:21:09","modified_gmt":"2025-07-07T15:21:09","slug":"nos-tarifs","status":"publish","type":"page","link":"https:\/\/cours-piano-muret.fr\/?page_id=103","title":{"rendered":"Nos tarifs"},"content":{"rendered":"<p><a href=\"https:\/\/cours-piano-muret.fr\/wp-content\/uploads\/2025\/07\/tarifs-annee-scolaire-2025-2026.pdf\">Tarifs ann\u00e9e scolaire 2025-2026<\/a><\/p>\n<div style=\"width: 568px;\" class=\"wp-video\"><!--[if lt IE 9]><script>document.createElement('video');<\/script><![endif]-->\n<video class=\"wp-video-shortcode\" id=\"video-103-1\" width=\"568\" height=\"188\" preload=\"metadata\" controls=\"controls\"><source type=\"video\/mp4\" src=\"https:\/\/cours-piano-muret.fr\/wp-content\/uploads\/2025\/07\/NOS-TARIFS-BAGATEL.mp4?_=1\" \/><a href=\"https:\/\/cours-piano-muret.fr\/wp-content\/uploads\/2025\/07\/NOS-TARIFS-BAGATEL.mp4\">https:\/\/cours-piano-muret.fr\/wp-content\/uploads\/2025\/07\/NOS-TARIFS-BAGATEL.mp4<\/a><\/video><\/div>\n<p style=\"text-align: center;\"><span style=\"color: #3366ff; font-family: 'times new roman', times, serif;\"><strong>\u00ab Bagatelles \u00bb Opus 33-No.1\u00a0 L.V BEETHOVEN\u00a0\u00a0<\/strong><\/span><\/p>\n<p style=\"text-align: center;\">\n<p style=\"text-align: center;\"><span style=\"font-family: 'times new roman', times, serif; font-size: 14pt;\">Cliquez sur la photo pour le t\u00e9l\u00e9chargement des tarifs ci-dessous<\/span><\/p>\n<p style=\"text-align: center;\"><a href=\"https:\/\/cours-piano-muret.fr\/wp-content\/uploads\/2025\/07\/tarifs-annee-scolaire-2025-2026.pdf\"><img loading=\"lazy\" class=\"aligncenter wp-image-1132 size-full\" src=\"https:\/\/cours-piano-muret.fr\/wp-content\/uploads\/2019\/07\/piano-3605845_960_720.jpg\" alt=\"\" width=\"960\" height=\"639\" srcset=\"https:\/\/cours-piano-muret.fr\/wp-content\/uploads\/2019\/07\/piano-3605845_960_720.jpg 960w, https:\/\/cours-piano-muret.fr\/wp-content\/uploads\/2019\/07\/piano-3605845_960_720-300x200.jpg 300w, https:\/\/cours-piano-muret.fr\/wp-content\/uploads\/2019\/07\/piano-3605845_960_720-768x511.jpg 768w, https:\/\/cours-piano-muret.fr\/wp-content\/uploads\/2019\/07\/piano-3605845_960_720-700x466.jpg 700w\" sizes=\"(max-width: 960px) 100vw, 960px\" \/><\/a><\/p>\n<p style=\"text-align: center;\">\n<h1 style=\"text-align: center;\"><span style=\"font-family: 'times new roman', times, serif;\"><u>Tarifs par \u00e9l\u00e8ve de l&rsquo;ann\u00e9e scolaire 2025\/ 2026\u00a0<\/u><\/span><\/h1>\n<h2 style=\"text-align: center;\"><span style=\"font-size: 14pt; color: #3366ff; font-family: 'times new roman', times, serif;\"><strong>MOYENS DE PAIEMENT<\/strong><\/span><\/h2>\n<p style=\"text-align: center;\"><span style=\"font-family: 'times new roman', times, serif; font-size: 14pt;\">*Ch\u00e8ques bancaires<\/span><\/p>\n<p style=\"text-align: center;\"><span style=\"font-family: 'times new roman', times, serif; font-size: 14pt;\">*Esp\u00e8ces<\/span><\/p>\n<h2 style=\"text-align: center;\"><span style=\"color: #ff0000; font-family: 'times new roman', times, serif;\">Pas de forfait<\/span><\/h2>\n<p style=\"text-align: center;\"><span style=\"font-family: 'times new roman', times, serif; font-size: 14pt;\">Les paiements se feront en <span style=\"color: #ff0000;\"><strong>d\u00e9but de mois<\/strong><\/span>, il n&rsquo;y aura pas de d\u00e9duction possible.<\/span><\/p>\n<p style=\"text-align: center;\"><span style=\"font-family: 'times new roman', times, serif; font-size: 14pt;\">En cas d\u2019<strong>absence de derni\u00e8re minute<\/strong>, il sera imp\u00e9ratif de pr\u00e9venir. Le cours sera r\u00e9cup\u00e9r\u00e9 aux jours et heures \u00e0 la convenance de l\u2019\u00e9l\u00e8ve.\u00a0<\/span><\/p>\n<p style=\"text-align: center;\"><span style=\"font-family: 'times new roman', times, serif; font-size: 14pt;\"><strong>Toute absence doit \u00eatre pr\u00e9cis\u00e9e \u00e0 l\u2019avance. Sinon le cours sera d\u00fb.<\/strong><\/span><\/p>\n<p style=\"text-align: center;\"><span style=\"font-family: 'times new roman', times, serif; font-size: 14pt;\"><strong><span style=\"color: #ff0000;\">Rythme tarifaire des cours de solf\u00e8ge\/piano <\/span><\/strong><strong><em>\u00a0<\/em><\/strong><\/span><\/p>\n<h3 style=\"text-align: center;\"><span style=\"font-family: 'times new roman', times, serif;\">Rythme des \u00ab\u00a0plein tarifs\u00a0\u00bb<\/span><\/h3>\n<p style=\"text-align: center;\">\n<ul style=\"text-align: center;\">\n<li><span style=\"font-family: 'times new roman', times, serif; font-size: 14pt;\">S\u00e9ance <span style=\"color: #800080;\"><strong>individuelle<\/strong>\u2026<\/span> 1 heure\u202632 \u20ac<\/span><\/li>\n<\/ul>\n<p style=\"text-align: center;\"><span style=\"font-family: 'times new roman', times, serif; font-size: 14pt;\"><strong>Remarque<\/strong> : Ce prix de base variera en fonction de la dur\u00e9e choisie par l\u2019\u00e9l\u00e8ve.\u00a0\u00a0\u00a0 Exemple : \u00bd heure de cours co\u00fbtera 16 \u20ac<\/span><\/p>\n<p style=\"text-align: center;\"><span style=\"font-family: 'times new roman', times, serif; font-size: 14pt;\">Ces cours peuvent avoir lieux chaque semaine, tous les 15 jours, 1 fois par mois, ou \u00e0 la demande.<\/span><\/p>\n<ul style=\"text-align: center;\">\n<li><span style=\"font-family: 'times new roman', times, serif; font-size: 14pt;\">S\u00e9ance en\u00a0<span style=\"color: #800080;\"><strong>groupe de 2 \u00e9l\u00e8ves<\/strong><\/span>\u20261 heure \u202628 \u20ac chaque semaine et chaque \u00e9l\u00e8ve.<\/span><\/li>\n<\/ul>\n<p style=\"text-align: center;\">\n<p style=\"text-align: center;\"><span style=\"font-family: 'times new roman', times, serif; font-size: 14pt;\"><strong>Tarifs familiaux en fonction du choix de s\u00e9ance\u00a0:<\/strong><\/span><\/p>\n<p style=\"text-align: center;\"><span style=\"font-family: 'times new roman', times, serif; font-size: 14pt;\"><strong><em>\u00a0<\/em><\/strong><\/span><\/p>\n<p style=\"text-align: center;\"><span style=\"font-family: 'times new roman', times, serif; font-size: 14pt;\">Premi\u00e8re personne\u2026 Plein tarif<\/span><\/p>\n<p style=\"text-align: center;\"><span style=\"font-family: 'times new roman', times, serif; font-size: 14pt;\">Deuxi\u00e8me personne\u2026 2 \u20ac de moins<\/span><\/p>\n<p style=\"text-align: center;\"><span style=\"font-family: 'times new roman', times, serif; font-size: 14pt;\">Troisi\u00e8me personne\u20263 \u20ac de moins<\/span><\/p>\n<p style=\"text-align: center;\"><span style=\"font-family: 'times new roman', times, serif; font-size: 14pt;\">Quatri\u00e8me personne\u2026Demi tarif<\/span><\/p>\n<p style=\"text-align: center;\">\n<h3 style=\"text-align: center;\"><span style=\"font-family: 'times new roman', times, serif;\"><strong><span style=\"color: #ff0000;\">Facture<\/span><\/strong><\/span><\/h3>\n<p style=\"text-align: center;\"><span style=\"font-family: 'times new roman', times, serif; font-size: 14pt;\">Une facture peut \u00eatre fournie pour la prise en charge financi\u00e8re des cours.<\/span><\/p>\n<p style=\"text-align: center;\"><span style=\"font-family: 'times new roman', times, serif; font-size: 14pt;\">\u00ab Le Jardin Musical \u00bb 06.33.29.39.82 \/ 7 impasse Gabriel Faur\u00e9 31600 Muret<\/span><\/p>\n<p style=\"text-align: center;\"><span style=\"font-family: 'times new roman', times, serif; font-size: 14pt;\"><a href=\"mailto:jardinmusical31@gmail.com\">jardinmusical31@gmail.com<\/a> \/ <a href=\"http:\/\/www.cours-piano-muret.fr\/\">www.cours-piano-muret.fr<\/a><\/span><\/p>\n<p style=\"text-align: center;\">\n<h3 style=\"text-align: center;\"><span style=\"font-family: 'times new roman', times, serif;\">N\u00b0 Siret du Jardin Musical<\/span><\/h3>\n<p style=\"text-align: center;\"><span style=\"font-family: 'times new roman', times, serif; font-size: 14pt;\"><strong>349.901.850.000.17<\/strong><\/span><\/p>\n<p style=\"text-align: center;\"><span style=\"font-family: 'times new roman', times, serif;\"><strong>\u00a0<\/strong><\/span><\/p>\n<p style=\"text-align: center;\">\n","protected":false},"excerpt":{"rendered":"<p>Tarifs ann\u00e9e scolaire 2025-2026 \u00ab Bagatelles \u00bb Opus 33-No.1\u00a0 L.V BEETHOVEN\u00a0\u00a0 Cliquez sur la photo pour le t\u00e9l\u00e9chargement des tarifs ci-dessous Tarifs par \u00e9l\u00e8ve de l&rsquo;ann\u00e9e scolaire 2025\/ 2026\u00a0 MOYENS DE PAIEMENT *Ch\u00e8ques bancaires *Esp\u00e8ces Pas de forfait Les paiements se feront en d\u00e9but de mois, il n&rsquo;y aura pas &#8230;<\/p>\n","protected":false},"author":1,"featured_media":0,"parent":0,"menu_order":0,"comment_status":"closed","ping_status":"closed","template":"","meta":[],"yoast_head":"<!-- This site is optimized with the Yoast SEO plugin v20.3 - https:\/\/yoast.com\/wordpress\/plugins\/seo\/ -->\n<title>Nos tarifs - JARDIN MUSICAL FRAN\u00c7OIS-HAUGRIN MICHELINE<\/title>\n<meta name=\"robots\" content=\"index, follow, max-snippet:-1, max-image-preview:large, max-video-preview:-1\" \/>\n<link rel=\"canonical\" href=\"https:\/\/cours-piano-muret.fr\/?page_id=103\" \/>\n<meta property=\"og:locale\" content=\"fr_FR\" \/>\n<meta property=\"og:type\" content=\"article\" \/>\n<meta property=\"og:title\" content=\"Nos tarifs - JARDIN MUSICAL FRAN\u00c7OIS-HAUGRIN MICHELINE\" \/>\n<meta property=\"og:description\" content=\"Tarifs ann\u00e9e scolaire 2025-2026 \u00ab Bagatelles \u00bb Opus 33-No.1\u00a0 L.V BEETHOVEN\u00a0\u00a0 Cliquez sur la photo pour le t\u00e9l\u00e9chargement des tarifs ci-dessous Tarifs par \u00e9l\u00e8ve de l&rsquo;ann\u00e9e scolaire 2025\/ 2026\u00a0 MOYENS DE PAIEMENT *Ch\u00e8ques bancaires *Esp\u00e8ces Pas de forfait Les paiements se feront en d\u00e9but de mois, il n&rsquo;y aura pas &#8230;\" \/>\n<meta property=\"og:url\" content=\"https:\/\/cours-piano-muret.fr\/?page_id=103\" \/>\n<meta property=\"og:site_name\" content=\"JARDIN MUSICAL FRAN\u00c7OIS-HAUGRIN MICHELINE\" \/>\n<meta property=\"article:modified_time\" content=\"2025-07-07T15:21:09+00:00\" \/>\n<meta property=\"og:image\" content=\"https:\/\/cours-piano-muret.fr\/wp-content\/uploads\/2019\/07\/piano-3605845_960_720.jpg\" \/>\n<meta name=\"twitter:card\" content=\"summary_large_image\" \/>\n<meta name=\"twitter:label1\" content=\"Dur\u00e9e de lecture est.\" \/>\n\t<meta name=\"twitter:data1\" content=\"2 minutes\" \/>\n<script type=\"application\/ld+json\" class=\"yoast-schema-graph\">{\"@context\":\"https:\/\/schema.org\",\"@graph\":[{\"@type\":\"WebPage\",\"@id\":\"https:\/\/cours-piano-muret.fr\/?page_id=103\",\"url\":\"https:\/\/cours-piano-muret.fr\/?page_id=103\",\"name\":\"Nos tarifs - JARDIN MUSICAL FRAN\u00c7OIS-HAUGRIN MICHELINE\",\"isPartOf\":{\"@id\":\"https:\/\/cours-piano-muret.fr\/#website\"},\"datePublished\":\"2017-03-30T16:15:56+00:00\",\"dateModified\":\"2025-07-07T15:21:09+00:00\",\"breadcrumb\":{\"@id\":\"https:\/\/cours-piano-muret.fr\/?page_id=103#breadcrumb\"},\"inLanguage\":\"fr-BE\",\"potentialAction\":[{\"@type\":\"ReadAction\",\"target\":[\"https:\/\/cours-piano-muret.fr\/?page_id=103\"]}]},{\"@type\":\"BreadcrumbList\",\"@id\":\"https:\/\/cours-piano-muret.fr\/?page_id=103#breadcrumb\",\"itemListElement\":[{\"@type\":\"ListItem\",\"position\":1,\"name\":\"Home\",\"item\":\"https:\/\/cours-piano-muret.fr\/\"},{\"@type\":\"ListItem\",\"position\":2,\"name\":\"Nos tarifs\"}]},{\"@type\":\"WebSite\",\"@id\":\"https:\/\/cours-piano-muret.fr\/#website\",\"url\":\"https:\/\/cours-piano-muret.fr\/\",\"name\":\"JARDIN MUSICAL FRAN\u00c7OIS-HAUGRIN MICHELINE\",\"description\":\"Petites notes.\",\"potentialAction\":[{\"@type\":\"SearchAction\",\"target\":{\"@type\":\"EntryPoint\",\"urlTemplate\":\"https:\/\/cours-piano-muret.fr\/?s={search_term_string}\"},\"query-input\":\"required name=search_term_string\"}],\"inLanguage\":\"fr-BE\"}]}<\/script>\n<!-- \/ Yoast SEO plugin. -->","yoast_head_json":{"title":"Nos tarifs - JARDIN MUSICAL FRAN\u00c7OIS-HAUGRIN MICHELINE","robots":{"index":"index","follow":"follow","max-snippet":"max-snippet:-1","max-image-preview":"max-image-preview:large","max-video-preview":"max-video-preview:-1"},"canonical":"https:\/\/cours-piano-muret.fr\/?page_id=103","og_locale":"fr_FR","og_type":"article","og_title":"Nos tarifs - JARDIN MUSICAL FRAN\u00c7OIS-HAUGRIN MICHELINE","og_description":"Tarifs ann\u00e9e scolaire 2025-2026 \u00ab Bagatelles \u00bb Opus 33-No.1\u00a0 L.V BEETHOVEN\u00a0\u00a0 Cliquez sur la photo pour le t\u00e9l\u00e9chargement des tarifs ci-dessous Tarifs par \u00e9l\u00e8ve de l&rsquo;ann\u00e9e scolaire 2025\/ 2026\u00a0 MOYENS DE PAIEMENT *Ch\u00e8ques bancaires *Esp\u00e8ces Pas de forfait Les paiements se feront en d\u00e9but de mois, il n&rsquo;y aura pas &#8230;","og_url":"https:\/\/cours-piano-muret.fr\/?page_id=103","og_site_name":"JARDIN MUSICAL FRAN\u00c7OIS-HAUGRIN MICHELINE","article_modified_time":"2025-07-07T15:21:09+00:00","og_image":[{"url":"https:\/\/cours-piano-muret.fr\/wp-content\/uploads\/2019\/07\/piano-3605845_960_720.jpg"}],"twitter_card":"summary_large_image","twitter_misc":{"Dur\u00e9e de lecture est.":"2 minutes"},"schema":{"@context":"https:\/\/schema.org","@graph":[{"@type":"WebPage","@id":"https:\/\/cours-piano-muret.fr\/?page_id=103","url":"https:\/\/cours-piano-muret.fr\/?page_id=103","name":"Nos tarifs - JARDIN MUSICAL FRAN\u00c7OIS-HAUGRIN MICHELINE","isPartOf":{"@id":"https:\/\/cours-piano-muret.fr\/#website"},"datePublished":"2017-03-30T16:15:56+00:00","dateModified":"2025-07-07T15:21:09+00:00","breadcrumb":{"@id":"https:\/\/cours-piano-muret.fr\/?page_id=103#breadcrumb"},"inLanguage":"fr-BE","potentialAction":[{"@type":"ReadAction","target":["https:\/\/cours-piano-muret.fr\/?page_id=103"]}]},{"@type":"BreadcrumbList","@id":"https:\/\/cours-piano-muret.fr\/?page_id=103#breadcrumb","itemListElement":[{"@type":"ListItem","position":1,"name":"Home","item":"https:\/\/cours-piano-muret.fr\/"},{"@type":"ListItem","position":2,"name":"Nos tarifs"}]},{"@type":"WebSite","@id":"https:\/\/cours-piano-muret.fr\/#website","url":"https:\/\/cours-piano-muret.fr\/","name":"JARDIN MUSICAL FRAN\u00c7OIS-HAUGRIN MICHELINE","description":"Petites notes.","potentialAction":[{"@type":"SearchAction","target":{"@type":"EntryPoint","urlTemplate":"https:\/\/cours-piano-muret.fr\/?s={search_term_string}"},"query-input":"required name=search_term_string"}],"inLanguage":"fr-BE"}]}},"_links":{"self":[{"href":"https:\/\/cours-piano-muret.fr\/index.php?rest_route=\/wp\/v2\/pages\/103"}],"collection":[{"href":"https:\/\/cours-piano-muret.fr\/index.php?rest_route=\/wp\/v2\/pages"}],"about":[{"href":"https:\/\/cours-piano-muret.fr\/index.php?rest_route=\/wp\/v2\/types\/page"}],"author":[{"embeddable":true,"href":"https:\/\/cours-piano-muret.fr\/index.php?rest_route=\/wp\/v2\/users\/1"}],"replies":[{"embeddable":true,"href":"https:\/\/cours-piano-muret.fr\/index.php?rest_route=%2Fwp%2Fv2%2Fcomments&post=103"}],"version-history":[{"count":65,"href":"https:\/\/cours-piano-muret.fr\/index.php?rest_route=\/wp\/v2\/pages\/103\/revisions"}],"predecessor-version":[{"id":3060,"href":"https:\/\/cours-piano-muret.fr\/index.php?rest_route=\/wp\/v2\/pages\/103\/revisions\/3060"}],"wp:attachment":[{"href":"https:\/\/cours-piano-muret.fr\/index.php?rest_route=%2Fwp%2Fv2%2Fmedia&parent=103"}],"curies":[{"name":"wp","href":"https:\/\/api.w.org\/{rel}","templated":true}]}}